{"id":53391,"date":"2022-06-09T12:40:55","date_gmt":"2022-06-09T09:40:55","guid":{"rendered":"https:\/\/www.verkkopuntari.fi\/painonpudotuksen-hormonaaliset-ja-hedelmallisyyteen-liittyvat-vaikutukset-oversattning-pa-vag\/"},"modified":"2022-10-04T13:48:12","modified_gmt":"2022-10-04T10:48:12","slug":"viktminskningens-inverkan-pa-hormonfunktionen-och-fertiliteten","status":"publish","type":"page","link":"https:\/\/www.verkkopuntari.fi\/sv\/viktminskningens-inverkan-pa-hormonfunktionen-och-fertiliteten\/","title":{"rendered":"Viktminskningens inverkan p\u00e5 hormonfunktionen och fertiliteten"},"content":{"rendered":"\n<p>Till \u00e4mnesoms\u00e4ttningsverkningarna av viktminskning h\u00f6r<br>ocks\u00e5 effekter p\u00e5 fertilitet och hormoner.<\/p>\n\n\n\n<h2 class=\"wp-block-heading\">Viktminskningens inverkan p\u00e5 fertiliteten<\/h2>\n\n\n\n<p><br>Hos kvinnor har viktminskning en positiv effekt p\u00e5 hormonfunktionen, \u00e4ggcellernas<br>lossnande samt n\u00e4r graviditeten b\u00f6rjar. En viktminskning p\u00e5 5-10 procent kan <br>hj\u00e4lpa m\u00e5nga kvinnor som lider av barnl\u00f6shet. F\u00f6re assisterad befruktning <br>underl\u00e4ttar en viktminskning hormonbehandlingen och<br>den minskar riskerna under en graviditet. M\u00e5ttlig motion har fertilitet har <br>f\u00f6rb\u00e4ttrande effekter p\u00e5 fertiliteten \u00e4ven om vikten inte f\u00f6r\u00e4ndras. \u00d6kad motion <br>f\u00f6rb\u00e4ttrar insulinresistensen som fr\u00e4mjar<br>reparationen av andra hormonella \u00e4ndringar.<br><\/p>\n\n\n\n<p>Hos kvinnor har en kost best\u00e5ende av mjuka fetter, vegetabiliska proteiner och l\u00e5ngsamma<br>kolhydrater ett samband med f\u00e4rre st\u00f6rningar<br>vid \u00e4gglosningen. Tillr\u00e4ckligt med folsyra och j\u00e4rn<br>i kosten fr\u00e4mjar fertiliteten. Om en kvinna som \u00f6nskar sig barn har fetma kring midjan<br>eller har polycystiskt syndrom i \u00e4ggstockarna, l\u00e4mpar sig<br>kostrekommendationen som har utarbetats f\u00f6r graviditetsdiabetiker<br>eller typ 2-diabetiker.<br><\/p>\n\n\n\n<p>Hos m\u00e4n orsakar fetma erektionsst\u00f6rningar, minskat sexuellt intresse och<br>s\u00e4nkt fertilitet. Fetma st\u00f6r reproduktionshormonernas<br>balans, minskar spermieproduktionen och befruktningsf\u00f6rm\u00e5gan. Betydande<br>fetma orsakar l\u00e5ga testosteronniv\u00e5er och \u00f6kad<br>\u00f6strogenproduktion i fettv\u00e4vnad. Testosteronniv\u00e5erna stiger<br>med hj\u00e4lp av viktminskning och motion. F\u00f6re assisterad befruktning \u00e4r det viktigt att<br>korrigera en eventuell hormonell obalans genom viktminskning. Viktminskningen \u00f6kar antalet spermier,<br>deras r\u00f6rlighet och befruktningsf\u00f6rm\u00e5ga.<\/p>\n\n\n\n<h2 class=\"wp-block-heading\">Inverkan av viktminskning p\u00e5 hormonfunktionen<\/h2>\n\n\n\n<p>Vid sidan av fertilitetsrelaterade symtom \u00f6kar fetma hos kvinnor<br>menstruationsrubbningar, risker i samband med graviditet och f\u00f6rlossning samt<br>problem med klimakteriet. Detta beror p\u00e5 st\u00f6rningar <br>i k\u00f6nshormonerna. F\u00f6rh\u00f6jd insulinhalt h\u00f6jer <br>uts\u00f6ndringen av de manliga hormonerna (androgener). Viktminskning korrigerar insulinresistens genom att <br>korrigera till exempel m\u00e5nga hormonf\u00f6r\u00e4ndringar med anknytning till polycystiskt syndrom<br>i \u00e4ggstockarna. I och med korrigeringen av hormonf\u00f6r\u00e4ndringar <br>kan \u00e4ggbl\u00e5sorna b\u00f6rja mogna och lossna,<br>vilken kan \u00e5terst\u00e4lla fertiliteten.<\/p>\n\n\n\n<p><br>M\u00e4n har en minskad sexuell lust och riskerna f\u00f6r erektionsst\u00f6rningar \u00f6kar<br>med \u00f6vervikt. Vikten har st\u00f6rre inverkan \u00e4n \u00e5lder och levnadsvanor<br>p\u00e5 testosteronniv\u00e5erna. N\u00e4r viktindexet (BMI) \u00e4r \u00f6ver 30 s\u00e5 \u00e4r testosteronhalterna<br>30 procent mindre \u00e4n normalt. F\u00f6rh\u00f6jt blodtryck,<br>kolesterol- och blodsockerbiverkningarna reflekteras i blodk\u00e4rlen och d\u00e4rmed<br>\u00e4ven i erektionsst\u00f6rningar. Eftersom eventuella erektionsst\u00f6rningar reflekterar mannens<br>\u00f6vergripande h\u00e4lsa \u00e4r det viktigt att s\u00f6ka och vid behov behandla \u00e4ven blodk\u00e4rlsjukdomar<br>och riskfaktorer som p\u00e5verkar konditionen.<\/p>\n\n\n\n<p><br>Efter viktminskningen stiger testosteronniv\u00e5erna hos m\u00e4n. Hos cirka<br>tredjedel f\u00f6rb\u00e4ttras den sexuella lusten, erektionen och potensen betydligt<br>tv\u00e5 \u00e5r efter viktminskningen.<\/p>\n\n\n\n<p><br>K\u00e4lla: Pietil\u00e4inen, K. 2015. Lihavuuteen liittyv\u00e4t sairaudet ja haitat. I  <br>K. Pietil\u00e4inen, P. Mustajoki &amp; P. Borg (toim.) Lihavuus. Helsinki: Duodecim.<\/p>\n\n\n\n<p> <span style=\"text-decoration: underline;\"><a href=\"https:\/\/www.verkkopuntari.fi\/sv\/valmennus\/verkkopuntari\/osiot\/vecka-6-mar-du-bra\/aihe\/6-9-information\/\">G\u00e5 tillbaka till avsnittet Information+ med den h\u00e4r l\u00e4nken.<\/a><\/span>   <\/p>\n","protected":false},"excerpt":{"rendered":"<p>Till \u00e4mnesoms\u00e4ttningsverkningarna av viktminskning h\u00f6rocks\u00e5 effekter p\u00e5 fertilitet och hormoner. Viktminskningens inverkan p\u00e5 fertiliteten Hos kvinnor har viktminskning en positiv effekt p\u00e5 hormonfunktionen, \u00e4ggcellernaslossnande samt&hellip;<\/p>\n","protected":false},"author":74,"featured_media":0,"parent":0,"menu_order":0,"comment_status":"closed","ping_status":"closed","template":"","meta":{"_acf_changed":false,"footnotes":""},"class_list":["post-53391","page","type-page","status-publish","hentry"],"acf":[],"_links":{"self":[{"href":"https:\/\/www.verkkopuntari.fi\/sv\/wp-json\/wp\/v2\/pages\/53391","targetHints":{"allow":["GET"]}}],"collection":[{"href":"https:\/\/www.verkkopuntari.fi\/sv\/wp-json\/wp\/v2\/pages"}],"about":[{"href":"https:\/\/www.verkkopuntari.fi\/sv\/wp-json\/wp\/v2\/types\/page"}],"author":[{"embeddable":true,"href":"https:\/\/www.verkkopuntari.fi\/sv\/wp-json\/wp\/v2\/users\/74"}],"replies":[{"embeddable":true,"href":"https:\/\/www.verkkopuntari.fi\/sv\/wp-json\/wp\/v2\/comments?post=53391"}],"version-history":[{"count":7,"href":"https:\/\/www.verkkopuntari.fi\/sv\/wp-json\/wp\/v2\/pages\/53391\/revisions"}],"predecessor-version":[{"id":55034,"href":"https:\/\/www.verkkopuntari.fi\/sv\/wp-json\/wp\/v2\/pages\/53391\/revisions\/55034"}],"wp:attachment":[{"href":"https:\/\/www.verkkopuntari.fi\/sv\/wp-json\/wp\/v2\/media?parent=53391"}],"curies":[{"name":"wp","href":"https:\/\/api.w.org\/{rel}","templated":true}]}}