{"id":59491,"date":"2023-04-27T13:03:20","date_gmt":"2023-04-27T10:03:20","guid":{"rendered":"https:\/\/www.verkkopuntari.fi\/for-handledare\/"},"modified":"2024-04-16T08:58:00","modified_gmt":"2024-04-16T05:58:00","slug":"for-handledare","status":"publish","type":"page","link":"https:\/\/www.verkkopuntari.fi\/sv\/for-handledare\/","title":{"rendered":"F\u00f6r handledare"},"content":{"rendered":"\t\t<div data-elementor-type=\"wp-page\" data-elementor-id=\"59491\" class=\"elementor elementor-59491 elementor-51092\" data-elementor-post-type=\"page\">\n\t\t\t\t\t\t<section class=\"elementor-section elementor-top-section elementor-element elementor-element-5be627ff elementor-section-boxed elementor-section-height-default elementor-section-height-default\" data-id=\"5be627ff\" data-element_type=\"section\" data-e-type=\"section\" data-settings=\"{&quot;background_background&quot;:&quot;gradient&quot;}\">\n\t\t\t\t\t\t<div class=\"elementor-container elementor-column-gap-default\">\n\t\t\t\t\t<div class=\"elementor-column elementor-col-33 elementor-top-column elementor-element elementor-element-7934a889\" data-id=\"7934a889\" data-element_type=\"column\" data-e-type=\"column\" id=\"text-box\" data-settings=\"{&quot;background_background&quot;:&quot;classic&quot;}\">\n\t\t\t<div class=\"elementor-widget-wrap elementor-element-populated\">\n\t\t\t\t\t\t<div class=\"elementor-element elementor-element-3fc540dc elementor-widget elementor-widget-heading\" data-id=\"3fc540dc\" data-element_type=\"widget\" data-e-type=\"widget\" data-widget_type=\"heading.default\">\n\t\t\t\t<div class=\"elementor-widget-container\">\n\t\t\t\t\t<h1 class=\"elementor-heading-title elementor-size-default\">Verktyg\nf\u00f6r livsstilshandledning<\/h1>\t\t\t\t<\/div>\n\t\t\t\t<\/div>\n\t\t\t\t<div class=\"elementor-element elementor-element-46c3f446 elementor-widget elementor-widget-text-editor\" data-id=\"46c3f446\" data-element_type=\"widget\" data-e-type=\"widget\" id=\"p_text\" data-widget_type=\"text-editor.default\">\n\t\t\t\t<div class=\"elementor-widget-container\">\n\t\t\t\t\t\t\t\t\t<p>Verkkopuntari \u00e4r ett digitalt verktyg f\u00f6r handledning i levnadsvanor och viktkontroll f\u00f6r yrkesutbildade inom h\u00e4lso- och sjukv\u00e5rden samt idrottsinstrukt\u00f6rer. Handledningen kan genomf\u00f6ras antingen individuellt eller i grupp.<\/p>\n\t\t\t\t\t\t\t\t<\/div>\n\t\t\t\t<\/div>\n\t\t\t\t\t<\/div>\n\t\t<\/div>\n\t\t\t\t<div class=\"elementor-column elementor-col-66 elementor-top-column elementor-element elementor-element-211f9165\" data-id=\"211f9165\" data-element_type=\"column\" data-e-type=\"column\">\n\t\t\t<div class=\"elementor-widget-wrap elementor-element-populated\">\n\t\t\t\t\t\t<div class=\"elementor-element elementor-element-2c32b396 elementor-widget elementor-widget-image\" data-id=\"2c32b396\" data-element_type=\"widget\" data-e-type=\"widget\" data-widget_type=\"image.default\">\n\t\t\t\t<div class=\"elementor-widget-container\">\n\t\t\t\t\t\t\t\t\t\t\t\t\t\t\t<img fetchpriority=\"high\" decoding=\"async\" width=\"640\" height=\"434\" src=\"https:\/\/www.verkkopuntari.fi\/wp-content\/uploads\/2022\/04\/Verkkopuntari-Tyo\u0308kalu-elintapaohjaukseen.jpg\" class=\"attachment-large size-large wp-image-51103\" alt=\"\" srcset=\"https:\/\/www.verkkopuntari.fi\/wp-content\/uploads\/2022\/04\/Verkkopuntari-Tyo\u0308kalu-elintapaohjaukseen.jpg 780w, https:\/\/www.verkkopuntari.fi\/wp-content\/uploads\/2022\/04\/Verkkopuntari-Tyo\u0308kalu-elintapaohjaukseen-300x203.jpg 300w, https:\/\/www.verkkopuntari.fi\/wp-content\/uploads\/2022\/04\/Verkkopuntari-Tyo\u0308kalu-elintapaohjaukseen-768x521.jpg 768w, https:\/\/www.verkkopuntari.fi\/wp-content\/uploads\/2022\/04\/Verkkopuntari-Tyo\u0308kalu-elintapaohjaukseen-624x423.jpg 624w\" sizes=\"(max-width: 640px) 100vw, 640px\" \/>\t\t\t\t\t\t\t\t\t\t\t\t\t\t\t<\/div>\n\t\t\t\t<\/div>\n\t\t\t\t\t<\/div>\n\t\t<\/div>\n\t\t\t\t\t<\/div>\n\t\t<\/section>\n\t\t\t\t<section class=\"elementor-section elementor-top-section elementor-element elementor-element-850fc84 elementor-section-boxed elementor-section-height-default elementor-section-height-default\" data-id=\"850fc84\" data-element_type=\"section\" data-e-type=\"section\" data-settings=\"{&quot;background_background&quot;:&quot;classic&quot;}\">\n\t\t\t\t\t\t<div class=\"elementor-container elementor-column-gap-default\">\n\t\t\t\t\t<div class=\"elementor-column elementor-col-100 elementor-top-column elementor-element elementor-element-1c27fc6\" data-id=\"1c27fc6\" data-element_type=\"column\" data-e-type=\"column\">\n\t\t\t<div class=\"elementor-widget-wrap elementor-element-populated\">\n\t\t\t\t\t\t<div class=\"elementor-element elementor-element-e172875 elementor-widget elementor-widget-text-editor\" data-id=\"e172875\" data-element_type=\"widget\" data-e-type=\"widget\" data-widget_type=\"text-editor.default\">\n\t\t\t\t<div class=\"elementor-widget-container\">\n\t\t\t\t\t<div class=\"bb-theme-elementor-wrap bb-elementor-custom-color bb-elementor-custom-family bb-elementor-custom-size bb-elementor-custom-line-height\">\t\t\t\t<p>Anslut dig till de \u00f6ver 900 Verkkopuntari-handledarna som utbildats runt om i Finland.<\/p>\n\t\t\t\t<\/div>\t\t\t\t<\/div>\n\t\t\t\t<\/div>\n\t\t\t\t<div class=\"elementor-element elementor-element-0c9e830 elementor-align-center elementor-widget elementor-widget-button\" data-id=\"0c9e830\" data-element_type=\"widget\" data-e-type=\"widget\" data-widget_type=\"button.default\">\n\t\t\t\t<div class=\"elementor-widget-container\">\n\t\t\t\t\t\t\t\t\t<div class=\"elementor-button-wrapper\">\n\t\t\t\t\t<a class=\"elementor-button elementor-button-link elementor-size-sm\" href=\"https:\/\/link.webropol.com\/ep\/verkkopuntari-introduktion\">\n\t\t\t\t\t\t<span class=\"elementor-button-content-wrapper\">\n\t\t\t\t\t\t\t\t\t<span class=\"elementor-button-text\">TAI I BRUK VERKKOPUNTARI GRATIS I DIN ORGANISATION<\/span>\n\t\t\t\t\t<\/span>\n\t\t\t\t\t<\/a>\n\t\t\t\t<\/div>\n\t\t\t\t\t\t\t\t<\/div>\n\t\t\t\t<\/div>\n\t\t\t\t\t<\/div>\n\t\t<\/div>\n\t\t\t\t\t<\/div>\n\t\t<\/section>\n\t\t\t\t<section class=\"elementor-section elementor-top-section elementor-element elementor-element-e51a003 elementor-section-boxed elementor-section-height-default elementor-section-height-default\" data-id=\"e51a003\" data-element_type=\"section\" data-e-type=\"section\" data-settings=\"{&quot;background_background&quot;:&quot;classic&quot;}\">\n\t\t\t\t\t\t<div class=\"elementor-container elementor-column-gap-default\">\n\t\t\t\t\t<div class=\"elementor-column elementor-col-50 elementor-top-column elementor-element elementor-element-921f275\" data-id=\"921f275\" data-element_type=\"column\" data-e-type=\"column\">\n\t\t\t<div class=\"elementor-widget-wrap elementor-element-populated\">\n\t\t\t\t\t\t<div class=\"elementor-element elementor-element-a129bb9 elementor-widget elementor-widget-video\" data-id=\"a129bb9\" data-element_type=\"widget\" data-e-type=\"widget\" data-settings=\"{&quot;youtube_url&quot;:&quot;https:\\\/\\\/www.youtube.com\\\/watch?v=jYb8Cv9vMcI&amp;ab_channel=SatakunnanSyd%C3%A4npiiri&quot;,&quot;video_type&quot;:&quot;youtube&quot;,&quot;controls&quot;:&quot;yes&quot;}\" data-widget_type=\"video.default\">\n\t\t\t\t<div class=\"elementor-widget-container\">\n\t\t\t\t\t\t\t<div class=\"elementor-wrapper elementor-open-inline\">\n\t\t\t<div class=\"elementor-video\"><\/div>\t\t<\/div>\n\t\t\t\t\t\t<\/div>\n\t\t\t\t<\/div>\n\t\t\t\t<div class=\"elementor-element elementor-element-f4fb00f elementor-widget elementor-widget-text-editor\" data-id=\"f4fb00f\" data-element_type=\"widget\" data-e-type=\"widget\" data-widget_type=\"text-editor.default\">\n\t\t\t\t<div class=\"elementor-widget-container\">\n\t\t\t\t\t<div class=\"bb-theme-elementor-wrap bb-elementor-custom-color bb-elementor-custom-family bb-elementor-custom-size bb-elementor-custom-line-height\">\t\t\t\t<p><a href=\"https:\/\/www.youtube.com\/watch?v=jYb8Cv9vMcI&amp;ab_channel=SatakunnanSyd%C3%A4npiiri\">Se Verkkopuntaris presentationsvideo f\u00f6r handledare<\/a><\/p>\n\t\t\t\t<\/div>\t\t\t\t<\/div>\n\t\t\t\t<\/div>\n\t\t\t\t\t<\/div>\n\t\t<\/div>\n\t\t\t\t<div class=\"elementor-column elementor-col-50 elementor-top-column elementor-element elementor-element-cf190f2\" data-id=\"cf190f2\" data-element_type=\"column\" data-e-type=\"column\">\n\t\t\t<div class=\"elementor-widget-wrap elementor-element-populated\">\n\t\t\t\t\t\t<div class=\"elementor-element elementor-element-fb397fa elementor-widget elementor-widget-text-editor\" data-id=\"fb397fa\" data-element_type=\"widget\" data-e-type=\"widget\" data-widget_type=\"text-editor.default\">\n\t\t\t\t<div class=\"elementor-widget-container\">\n\t\t\t\t\t<div class=\"bb-theme-elementor-wrap bb-elementor-custom-color bb-elementor-custom-family bb-elementor-custom-size bb-elementor-custom-line-height\">\t\t\t\t<p>I Verkkopuntari finns f\u00e4rdigt material som grundar sig p\u00e5 forskningsdata, och som handledare kan du fokusera p\u00e5 det viktiga, dvs. sj\u00e4lva handledningen. I Verkkopuntari-handledningen betonas l\u00f6sningsorienterade och motiverande metoder.<\/p>\n<p>Verkkopuntari kan utnyttjas i stor utstr\u00e4ckning i vuxnas livsstilshandledning och l\u00e4mpar sig f\u00f6r m\u00e5nga m\u00e5lgrupper, till exempel personer som lider av diabetes typ 2 eller s\u00f6mnapn\u00e9. En viktig m\u00e5lgrupp redan i f\u00f6rebyggande syfte \u00e4r till exempel f\u00f6r\u00e4ldrar till barn i r\u00e5dgivnings\u00e5ldern. <\/p>\n\t\t\t\t<\/div>\t\t\t\t<\/div>\n\t\t\t\t<\/div>\n\t\t\t\t<div class=\"elementor-element elementor-element-7a671c9 elementor-widget elementor-widget-button\" data-id=\"7a671c9\" data-element_type=\"widget\" data-e-type=\"widget\" data-widget_type=\"button.default\">\n\t\t\t\t<div class=\"elementor-widget-container\">\n\t\t\t\t\t\t\t\t\t<div class=\"elementor-button-wrapper\">\n\t\t\t\t\t<a class=\"elementor-button elementor-button-link elementor-size-sm\" href=\"https:\/\/www.verkkopuntari.fi\/sv\/bekanta-dig-med-verkkopuntari\/\">\n\t\t\t\t\t\t<span class=\"elementor-button-content-wrapper\">\n\t\t\t\t\t\t\t\t\t<span class=\"elementor-button-text\">BEKANTA DIG MED PROGRAMMET<\/span>\n\t\t\t\t\t<\/span>\n\t\t\t\t\t<\/a>\n\t\t\t\t<\/div>\n\t\t\t\t\t\t\t\t<\/div>\n\t\t\t\t<\/div>\n\t\t\t\t\t<\/div>\n\t\t<\/div>\n\t\t\t\t\t<\/div>\n\t\t<\/section>\n\t\t\t\t<section class=\"elementor-section elementor-top-section elementor-element elementor-element-3e31da1 elementor-reverse-mobile elementor-section-boxed elementor-section-height-default elementor-section-height-default\" data-id=\"3e31da1\" data-element_type=\"section\" data-e-type=\"section\" data-settings=\"{&quot;background_background&quot;:&quot;classic&quot;}\">\n\t\t\t\t\t\t<div class=\"elementor-container elementor-column-gap-default\">\n\t\t\t\t\t<div class=\"elementor-column elementor-col-50 elementor-top-column elementor-element elementor-element-1f5ce90\" data-id=\"1f5ce90\" data-element_type=\"column\" data-e-type=\"column\">\n\t\t\t<div class=\"elementor-widget-wrap elementor-element-populated\">\n\t\t\t\t\t\t<div class=\"elementor-element elementor-element-bd123d2 elementor-widget elementor-widget-heading\" data-id=\"bd123d2\" data-element_type=\"widget\" data-e-type=\"widget\" data-widget_type=\"heading.default\">\n\t\t\t\t<div class=\"elementor-widget-container\">\n\t\t\t\t\t<h2 class=\"elementor-heading-title elementor-size-default\">Handledarnas introduktion<\/h2>\t\t\t\t<\/div>\n\t\t\t\t<\/div>\n\t\t\t\t<div class=\"elementor-element elementor-element-7cd74da elementor-widget elementor-widget-text-editor\" data-id=\"7cd74da\" data-element_type=\"widget\" data-e-type=\"widget\" data-widget_type=\"text-editor.default\">\n\t\t\t\t<div class=\"elementor-widget-container\">\n\t\t\t\t\t<div class=\"bb-theme-elementor-wrap bb-elementor-custom-color bb-elementor-custom-family bb-elementor-custom-size bb-elementor-custom-line-height\">\t\t\t\t<p>Satakunnan Syd\u00e4npiiri hj\u00e4lper, st\u00f6der och ger yrkesutbildade introduktion i anv\u00e4ndningen av Verkkopuntari. Introduktion i programmet (4 h) ges med hj\u00e4lp av Teams. I introduktionen g\u00f6r du dig f\u00f6rtrogen med Verkkopuntari och l\u00e4r dig anv\u00e4nda programmet. Du f\u00e5r information om hur du startar Verkkopuntari-kursen och st\u00f6d f\u00f6r att agera som webbhandledare. Dessutom f\u00e5r du tillg\u00e5ng till det multiprofessionellt utarbetade handledningsmaterialet.<\/p>\n<p>Organisationer kan inleda verksamheten n\u00e4r minst en yrkesutbildad person inom h\u00e4lso- och sjukv\u00e5rden som agerar som handledare har tagit del av introduktionen och organisationen har fattat ett beslut om att inleda verksamheten.<\/p>\n\t\t\t\t<\/div>\t\t\t\t<\/div>\n\t\t\t\t<\/div>\n\t\t\t\t<div class=\"elementor-element elementor-element-42c0462 elementor-widget elementor-widget-button\" data-id=\"42c0462\" data-element_type=\"widget\" data-e-type=\"widget\" data-widget_type=\"button.default\">\n\t\t\t\t<div class=\"elementor-widget-container\">\n\t\t\t\t\t\t\t\t\t<div class=\"elementor-button-wrapper\">\n\t\t\t\t\t<a class=\"elementor-button elementor-button-link elementor-size-sm\" href=\"https:\/\/link.webropol.com\/ep\/verkkopuntari-introduktion\">\n\t\t\t\t\t\t<span class=\"elementor-button-content-wrapper\">\n\t\t\t\t\t\t\t\t\t<span class=\"elementor-button-text\">ANM\u00c4L DIG TILL HANDLEDARINTRODUKTION<\/span>\n\t\t\t\t\t<\/span>\n\t\t\t\t\t<\/a>\n\t\t\t\t<\/div>\n\t\t\t\t\t\t\t\t<\/div>\n\t\t\t\t<\/div>\n\t\t\t\t\t<\/div>\n\t\t<\/div>\n\t\t\t\t<div class=\"elementor-column elementor-col-50 elementor-top-column elementor-element elementor-element-881ed0c\" data-id=\"881ed0c\" data-element_type=\"column\" data-e-type=\"column\">\n\t\t\t<div class=\"elementor-widget-wrap elementor-element-populated\">\n\t\t\t\t\t\t<div class=\"elementor-element elementor-element-4c43685 elementor-widget elementor-widget-image\" data-id=\"4c43685\" data-element_type=\"widget\" data-e-type=\"widget\" data-widget_type=\"image.default\">\n\t\t\t\t<div class=\"elementor-widget-container\">\n\t\t\t\t\t\t\t\t\t\t\t\t\t\t\t<img decoding=\"async\" width=\"554\" height=\"376\" src=\"https:\/\/www.verkkopuntari.fi\/wp-content\/uploads\/2022\/04\/Verkkopuntari-Ohjaajien-perehdytys.jpg\" class=\"attachment-large size-large wp-image-51099\" alt=\"\" srcset=\"https:\/\/www.verkkopuntari.fi\/wp-content\/uploads\/2022\/04\/Verkkopuntari-Ohjaajien-perehdytys.jpg 554w, https:\/\/www.verkkopuntari.fi\/wp-content\/uploads\/2022\/04\/Verkkopuntari-Ohjaajien-perehdytys-300x204.jpg 300w\" sizes=\"(max-width: 554px) 100vw, 554px\" \/>\t\t\t\t\t\t\t\t\t\t\t\t\t\t\t<\/div>\n\t\t\t\t<\/div>\n\t\t\t\t\t<\/div>\n\t\t<\/div>\n\t\t\t\t\t<\/div>\n\t\t<\/section>\n\t\t\t\t<section class=\"elementor-section elementor-top-section elementor-element elementor-element-bf26637 elementor-section-boxed elementor-section-height-default elementor-section-height-default\" data-id=\"bf26637\" data-element_type=\"section\" data-e-type=\"section\" data-settings=\"{&quot;background_background&quot;:&quot;classic&quot;}\">\n\t\t\t\t\t\t<div class=\"elementor-container elementor-column-gap-default\">\n\t\t\t\t\t<div class=\"elementor-column elementor-col-50 elementor-top-column elementor-element elementor-element-aba26e3\" data-id=\"aba26e3\" data-element_type=\"column\" data-e-type=\"column\">\n\t\t\t<div class=\"elementor-widget-wrap elementor-element-populated\">\n\t\t\t\t\t\t<div class=\"elementor-element elementor-element-3aef2b9 elementor-widget elementor-widget-image\" data-id=\"3aef2b9\" data-element_type=\"widget\" data-e-type=\"widget\" data-widget_type=\"image.default\">\n\t\t\t\t<div class=\"elementor-widget-container\">\n\t\t\t\t\t\t\t\t\t\t\t\t\t\t\t<img decoding=\"async\" width=\"554\" height=\"376\" src=\"https:\/\/www.verkkopuntari.fi\/wp-content\/uploads\/2022\/04\/Verkkopuntari-Ohjaajien-tuki-ja-tapaamiset.jpg\" class=\"attachment-large size-large wp-image-51101\" alt=\"\" srcset=\"https:\/\/www.verkkopuntari.fi\/wp-content\/uploads\/2022\/04\/Verkkopuntari-Ohjaajien-tuki-ja-tapaamiset.jpg 554w, https:\/\/www.verkkopuntari.fi\/wp-content\/uploads\/2022\/04\/Verkkopuntari-Ohjaajien-tuki-ja-tapaamiset-300x204.jpg 300w\" sizes=\"(max-width: 554px) 100vw, 554px\" \/>\t\t\t\t\t\t\t\t\t\t\t\t\t\t\t<\/div>\n\t\t\t\t<\/div>\n\t\t\t\t\t<\/div>\n\t\t<\/div>\n\t\t\t\t<div class=\"elementor-column elementor-col-50 elementor-top-column elementor-element elementor-element-5184b36\" data-id=\"5184b36\" data-element_type=\"column\" data-e-type=\"column\">\n\t\t\t<div class=\"elementor-widget-wrap elementor-element-populated\">\n\t\t\t\t\t\t<div class=\"elementor-element elementor-element-52d21ec elementor-widget elementor-widget-heading\" data-id=\"52d21ec\" data-element_type=\"widget\" data-e-type=\"widget\" data-widget_type=\"heading.default\">\n\t\t\t\t<div class=\"elementor-widget-container\">\n\t\t\t\t\t<h2 class=\"elementor-heading-title elementor-size-default\">St\u00f6d och m\u00f6ten f\u00f6r handledare<\/h2>\t\t\t\t<\/div>\n\t\t\t\t<\/div>\n\t\t\t\t<div class=\"elementor-element elementor-element-ddd0186 elementor-widget elementor-widget-text-editor\" data-id=\"ddd0186\" data-element_type=\"widget\" data-e-type=\"widget\" data-widget_type=\"text-editor.default\">\n\t\t\t\t<div class=\"elementor-widget-container\">\n\t\t\t\t\t<div class=\"bb-theme-elementor-wrap bb-elementor-custom-color bb-elementor-custom-family bb-elementor-custom-size bb-elementor-custom-line-height\">\t\t\t\t<p>Satakunnan Syd\u00e4npiiri erbjuder handledarna st\u00f6d f\u00f6r att inleda verksamheten och hj\u00e4lper handledarna att bilda n\u00e4tverk med varandra. F\u00f6r Verkkopuntari-handledarna ordnas till exempel regelbundna distansm\u00f6ten, d\u00e4r man utbyter nyheter och erfarenheter av webbhandledningen samt f\u00e5r information om aktuella fr\u00e5gor.<\/p>\n\t\t\t\t<\/div>\t\t\t\t<\/div>\n\t\t\t\t<\/div>\n\t\t\t\t<div class=\"elementor-element elementor-element-2a27429 elementor-widget elementor-widget-button\" data-id=\"2a27429\" data-element_type=\"widget\" data-e-type=\"widget\" data-widget_type=\"button.default\">\n\t\t\t\t<div class=\"elementor-widget-container\">\n\t\t\t\t\t\t\t\t\t<div class=\"elementor-button-wrapper\">\n\t\t\t\t\t<a class=\"elementor-button elementor-button-link elementor-size-sm\" href=\"https:\/\/link.webropol.com\/ep\/verkkopuntari-ohjaajatapaamiset\">\n\t\t\t\t\t\t<span class=\"elementor-button-content-wrapper\">\n\t\t\t\t\t\t\t\t\t<span class=\"elementor-button-text\">ANM\u00c4L DIG TILL HANDLEDARM\u00d6TEN (P\u00c5 FINSKA)<\/span>\n\t\t\t\t\t<\/span>\n\t\t\t\t\t<\/a>\n\t\t\t\t<\/div>\n\t\t\t\t\t\t\t\t<\/div>\n\t\t\t\t<\/div>\n\t\t\t\t\t<\/div>\n\t\t<\/div>\n\t\t\t\t\t<\/div>\n\t\t<\/section>\n\t\t\t\t<\/div>\n\t\t","protected":false},"excerpt":{"rendered":"<p>Verktyg f\u00f6r livsstilshandledning Verkkopuntari \u00e4r ett digitalt verktyg f\u00f6r handledning i levnadsvanor och viktkontroll f\u00f6r yrkesutbildade inom h\u00e4lso- och sjukv\u00e5rden samt idrottsinstrukt\u00f6rer. Handledningen kan genomf\u00f6ras&hellip;<\/p>\n","protected":false},"author":1626,"featured_media":0,"parent":0,"menu_order":0,"comment_status":"closed","ping_status":"closed","template":"elementor_header_footer","meta":{"_acf_changed":false,"footnotes":""},"class_list":["post-59491","page","type-page","status-publish","hentry"],"acf":[],"_links":{"self":[{"href":"https:\/\/www.verkkopuntari.fi\/sv\/wp-json\/wp\/v2\/pages\/59491","targetHints":{"allow":["GET"]}}],"collection":[{"href":"https:\/\/www.verkkopuntari.fi\/sv\/wp-json\/wp\/v2\/pages"}],"about":[{"href":"https:\/\/www.verkkopuntari.fi\/sv\/wp-json\/wp\/v2\/types\/page"}],"author":[{"embeddable":true,"href":"https:\/\/www.verkkopuntari.fi\/sv\/wp-json\/wp\/v2\/users\/1626"}],"replies":[{"embeddable":true,"href":"https:\/\/www.verkkopuntari.fi\/sv\/wp-json\/wp\/v2\/comments?post=59491"}],"version-history":[{"count":20,"href":"https:\/\/www.verkkopuntari.fi\/sv\/wp-json\/wp\/v2\/pages\/59491\/revisions"}],"predecessor-version":[{"id":65813,"href":"https:\/\/www.verkkopuntari.fi\/sv\/wp-json\/wp\/v2\/pages\/59491\/revisions\/65813"}],"wp:attachment":[{"href":"https:\/\/www.verkkopuntari.fi\/sv\/wp-json\/wp\/v2\/media?parent=59491"}],"curies":[{"name":"wp","href":"https:\/\/api.w.org\/{rel}","templated":true}]}}