{"id":59662,"date":"2023-05-10T10:47:58","date_gmt":"2023-05-10T07:47:58","guid":{"rendered":"https:\/\/www.verkkopuntari.fi\/bekanta-dig-med-verkkopuntari\/"},"modified":"2024-04-17T12:59:22","modified_gmt":"2024-04-17T09:59:22","slug":"bekanta-dig-med-verkkopuntari","status":"publish","type":"page","link":"https:\/\/www.verkkopuntari.fi\/sv\/bekanta-dig-med-verkkopuntari\/","title":{"rendered":"Bekanta dig med Verkkopuntari"},"content":{"rendered":"\t\t<div data-elementor-type=\"wp-page\" data-elementor-id=\"59662\" class=\"elementor elementor-59662 elementor-51023\" data-elementor-post-type=\"page\">\n\t\t\t\t\t\t<section class=\"elementor-section elementor-top-section elementor-element elementor-element-57443120 elementor-hidden-desktop elementor-hidden-tablet elementor-hidden-mobile elementor-section-boxed elementor-section-height-default elementor-section-height-default\" data-id=\"57443120\" data-element_type=\"section\" data-e-type=\"section\" data-settings=\"{&quot;background_background&quot;:&quot;gradient&quot;}\">\n\t\t\t\t\t\t<div class=\"elementor-container elementor-column-gap-default\">\n\t\t\t\t\t<div class=\"elementor-column elementor-col-33 elementor-top-column elementor-element elementor-element-24e2c3d4\" data-id=\"24e2c3d4\" data-element_type=\"column\" data-e-type=\"column\" id=\"text-box\" data-settings=\"{&quot;background_background&quot;:&quot;classic&quot;}\">\n\t\t\t<div class=\"elementor-widget-wrap elementor-element-populated\">\n\t\t\t\t\t\t<div class=\"elementor-element elementor-element-58226173 elementor-widget elementor-widget-heading\" data-id=\"58226173\" data-element_type=\"widget\" data-e-type=\"widget\" data-widget_type=\"heading.default\">\n\t\t\t\t<div class=\"elementor-widget-container\">\n\t\t\t\t\t<h1 class=\"elementor-heading-title elementor-size-default\">Tillsammans mot\nbest\u00e5ende f\u00f6r\u00e4ndringar<\/h1>\t\t\t\t<\/div>\n\t\t\t\t<\/div>\n\t\t\t\t<div class=\"elementor-element elementor-element-83ce07a elementor-widget elementor-widget-text-editor\" data-id=\"83ce07a\" data-element_type=\"widget\" data-e-type=\"widget\" id=\"p_text\" data-widget_type=\"text-editor.default\">\n\t\t\t\t<div class=\"elementor-widget-container\">\n\t\t\t\t\t\t\t\t\t<p>Verkkopuntari \u00e4r ett program som st\u00f6d f\u00f6r viktkontroll och best\u00e5ende livsstilsf\u00f6r\u00e4ndringar. Du kan delta oberoende av tid och plats n\u00e4r det passar dig b\u00e4st.<\/p>\n\t\t\t\t\t\t\t\t<\/div>\n\t\t\t\t<\/div>\n\t\t\t\t<div class=\"elementor-element elementor-element-386a6dbe elementor-align-left elementor-widget elementor-widget-button\" data-id=\"386a6dbe\" data-element_type=\"widget\" data-e-type=\"widget\" data-widget_type=\"button.default\">\n\t\t\t\t<div class=\"elementor-widget-container\">\n\t\t\t\t\t\t\t\t\t<div class=\"elementor-button-wrapper\">\n\t\t\t\t\t<a class=\"elementor-button elementor-button-link elementor-size-sm\" href=\"https:\/\/www.verkkopuntari.fi\/sv\/kom-med\/\">\n\t\t\t\t\t\t<span class=\"elementor-button-content-wrapper\">\n\t\t\t\t\t\t\t\t\t<span class=\"elementor-button-text\">HITTA DIN HANDLEDARE<\/span>\n\t\t\t\t\t<\/span>\n\t\t\t\t\t<\/a>\n\t\t\t\t<\/div>\n\t\t\t\t\t\t\t\t<\/div>\n\t\t\t\t<\/div>\n\t\t\t\t\t<\/div>\n\t\t<\/div>\n\t\t\t\t<div class=\"elementor-column elementor-col-66 elementor-top-column elementor-element elementor-element-33063822\" data-id=\"33063822\" data-element_type=\"column\" data-e-type=\"column\">\n\t\t\t<div class=\"elementor-widget-wrap elementor-element-populated\">\n\t\t\t\t\t\t<div class=\"elementor-element elementor-element-7f80590 elementor-widget elementor-widget-image\" data-id=\"7f80590\" data-element_type=\"widget\" data-e-type=\"widget\" data-widget_type=\"image.default\">\n\t\t\t\t<div class=\"elementor-widget-container\">\n\t\t\t\t\t\t\t\t\t\t\t\t\t\t\t<img fetchpriority=\"high\" decoding=\"async\" width=\"640\" height=\"434\" src=\"https:\/\/www.verkkopuntari.fi\/wp-content\/uploads\/2022\/04\/Verkkopuntari-tutustu.jpg\" class=\"attachment-large size-large wp-image-51040\" alt=\"\" srcset=\"https:\/\/www.verkkopuntari.fi\/wp-content\/uploads\/2022\/04\/Verkkopuntari-tutustu.jpg 780w, https:\/\/www.verkkopuntari.fi\/wp-content\/uploads\/2022\/04\/Verkkopuntari-tutustu-300x203.jpg 300w, https:\/\/www.verkkopuntari.fi\/wp-content\/uploads\/2022\/04\/Verkkopuntari-tutustu-768x521.jpg 768w, https:\/\/www.verkkopuntari.fi\/wp-content\/uploads\/2022\/04\/Verkkopuntari-tutustu-624x423.jpg 624w\" sizes=\"(max-width: 640px) 100vw, 640px\" \/>\t\t\t\t\t\t\t\t\t\t\t\t\t\t\t<\/div>\n\t\t\t\t<\/div>\n\t\t\t\t\t<\/div>\n\t\t<\/div>\n\t\t\t\t\t<\/div>\n\t\t<\/section>\n\t\t\t\t<section class=\"elementor-section elementor-top-section elementor-element elementor-element-8554366 elementor-section-boxed elementor-section-height-default elementor-section-height-default\" data-id=\"8554366\" data-element_type=\"section\" data-e-type=\"section\" data-settings=\"{&quot;background_background&quot;:&quot;classic&quot;}\">\n\t\t\t\t\t\t<div class=\"elementor-container elementor-column-gap-default\">\n\t\t\t\t\t<div class=\"elementor-column elementor-col-50 elementor-top-column elementor-element elementor-element-173b45d\" data-id=\"173b45d\" data-element_type=\"column\" data-e-type=\"column\">\n\t\t\t<div class=\"elementor-widget-wrap elementor-element-populated\">\n\t\t\t\t\t\t<div class=\"elementor-element elementor-element-7678701 elementor-widget elementor-widget-image\" data-id=\"7678701\" data-element_type=\"widget\" data-e-type=\"widget\" data-widget_type=\"image.default\">\n\t\t\t\t<div class=\"elementor-widget-container\">\n\t\t\t\t\t\t\t\t\t\t\t\t\t\t\t<img decoding=\"async\" width=\"555\" height=\"292\" src=\"https:\/\/www.verkkopuntari.fi\/wp-content\/uploads\/2022\/04\/Verkkopuntari-Raija.jpg\" class=\"attachment-large size-large wp-image-51034\" alt=\"\" srcset=\"https:\/\/www.verkkopuntari.fi\/wp-content\/uploads\/2022\/04\/Verkkopuntari-Raija.jpg 555w, https:\/\/www.verkkopuntari.fi\/wp-content\/uploads\/2022\/04\/Verkkopuntari-Raija-300x158.jpg 300w\" sizes=\"(max-width: 555px) 100vw, 555px\" \/>\t\t\t\t\t\t\t\t\t\t\t\t\t\t\t<\/div>\n\t\t\t\t<\/div>\n\t\t\t\t<div class=\"elementor-element elementor-element-d15b335 elementor-widget elementor-widget-text-editor\" data-id=\"d15b335\" data-element_type=\"widget\" data-e-type=\"widget\" data-widget_type=\"text-editor.default\">\n\t\t\t\t<div class=\"elementor-widget-container\">\n\t\t\t\t\t<div class=\"bb-theme-elementor-wrap bb-elementor-custom-color bb-elementor-custom-family bb-elementor-custom-size bb-elementor-custom-line-height\">\t\t\t\t<p><a href=\"https:\/\/www.youtube.com\/watch?v=Tuk-HUmOMDI&amp;ab_channel=SatakunnanSyd%C3%A4npiiri\">Se videon om Raijas ber\u00e4ttelse<\/a><\/p>\n\t\t\t\t<\/div>\t\t\t\t<\/div>\n\t\t\t\t<\/div>\n\t\t\t\t\t<\/div>\n\t\t<\/div>\n\t\t\t\t<div class=\"elementor-column elementor-col-50 elementor-top-column elementor-element elementor-element-6220b2a\" data-id=\"6220b2a\" data-element_type=\"column\" data-e-type=\"column\">\n\t\t\t<div class=\"elementor-widget-wrap elementor-element-populated\">\n\t\t\t\t\t\t<div class=\"elementor-element elementor-element-49abc93 elementor-widget elementor-widget-heading\" data-id=\"49abc93\" data-element_type=\"widget\" data-e-type=\"widget\" data-widget_type=\"heading.default\">\n\t\t\t\t<div class=\"elementor-widget-container\">\n\t\t\t\t\t<h2 class=\"elementor-heading-title elementor-size-default\">M\u00e5ngsidigt inneh\u00e5ll <\/h2>\t\t\t\t<\/div>\n\t\t\t\t<\/div>\n\t\t\t\t<div class=\"elementor-element elementor-element-fa57ba6 elementor-widget elementor-widget-text-editor\" data-id=\"fa57ba6\" data-element_type=\"widget\" data-e-type=\"widget\" data-widget_type=\"text-editor.default\">\n\t\t\t\t<div class=\"elementor-widget-container\">\n\t\t\t\t\t<div class=\"bb-theme-elementor-wrap bb-elementor-custom-color bb-elementor-custom-family bb-elementor-custom-size bb-elementor-custom-line-height\">\t\t\t\t<p>Verkkopuntari har utvecklats sektors\u00f6vergripande i samarbete mellan kunder och experter inom motion, kost, medicin, psykologi, kommunikation och datateknik. Materialen grundar sig p\u00e5 forskningsdata.<\/p><p>Handledd Verkkopuntari erbjuder <strong>grupp- och individuell<\/strong> coachning som betonar resursorientering och st\u00e4rker k\u00e4nslan av kompetens. I handledningen str\u00e4var man efter att synligg\u00f6ra styrkor och framg\u00e5ngar, p\u00e5 vilka det ocks\u00e5 \u00e4r l\u00e4ttare att bygga den kommande f\u00f6r\u00e4ndringen. Handledaren \u00e4r sjukv\u00e5rds- eller motionsr\u00e5dgivare. N\u00e4rm\u00f6ten st\u00f6der deltagandet och kontakten genomf\u00f6rs enligt \u00f6verenskommelse med handledaren, \u00e4ven p\u00e5 distans vid behov.\u00a0<\/p><p>Inneh\u00e5llet i det handledda Verkkopuntari finns p\u00e5 b\u00e5de finska och svenska.<\/p><p>F\u00f6rutom Verkkopuntari har <a style=\"background-color: #f9f7f7;\" href=\"https:\/\/www.verkkopuntari.fi\/oma\/\"><u>OmaVerkkopuntari<\/u><\/a>\u00a0utvecklats. Den l\u00e4mpar sig f\u00f6r ett sj\u00e4lvst\u00e4ndigt deltagande, utan handledare.\u00a0<\/p>\t\t\t\t<\/div>\t\t\t\t<\/div>\n\t\t\t\t<\/div>\n\t\t\t\t\t<\/div>\n\t\t<\/div>\n\t\t\t\t\t<\/div>\n\t\t<\/section>\n\t\t\t\t<section class=\"elementor-section elementor-top-section elementor-element elementor-element-b620eaf elementor-reverse-mobile elementor-section-boxed elementor-section-height-default elementor-section-height-default\" data-id=\"b620eaf\" data-element_type=\"section\" data-e-type=\"section\" data-settings=\"{&quot;background_background&quot;:&quot;classic&quot;}\">\n\t\t\t\t\t\t<div class=\"elementor-container elementor-column-gap-default\">\n\t\t\t\t\t<div class=\"elementor-column elementor-col-50 elementor-top-column elementor-element elementor-element-5e9434d\" data-id=\"5e9434d\" data-element_type=\"column\" data-e-type=\"column\">\n\t\t\t<div class=\"elementor-widget-wrap elementor-element-populated\">\n\t\t\t\t\t\t<div class=\"elementor-element elementor-element-60cda55 elementor-widget elementor-widget-heading\" data-id=\"60cda55\" data-element_type=\"widget\" data-e-type=\"widget\" data-widget_type=\"heading.default\">\n\t\t\t\t<div class=\"elementor-widget-container\">\n\t\t\t\t\t<h2 class=\"elementor-heading-title elementor-size-default\">Med dig hela v\u00e4gen<\/h2>\t\t\t\t<\/div>\n\t\t\t\t<\/div>\n\t\t\t\t<div class=\"elementor-element elementor-element-46ef207 elementor-widget elementor-widget-text-editor\" data-id=\"46ef207\" data-element_type=\"widget\" data-e-type=\"widget\" data-widget_type=\"text-editor.default\">\n\t\t\t\t<div class=\"elementor-widget-container\">\n\t\t\t\t\t<div class=\"bb-theme-elementor-wrap bb-elementor-custom-color bb-elementor-custom-family bb-elementor-custom-size bb-elementor-custom-line-height\">\t\t\t\t<p>Det ett\u00e5riga programmet \u00e4r indelat i en 12 veckor l\u00e5ng handledd fas och en d\u00e4rp\u00e5 f\u00f6ljande underh\u00e5llsfas. Under den handledda fasen \u00f6ppnas nytt material, nya uppgifter och test varje vecka som baserar sig p\u00e5 forskningsdata. I underh\u00e5llsfasen f\u00e5r man st\u00f6d av veckoutmaningar som genomf\u00f6rs p\u00e5 eget initiativ. Under programmet kan man ocks\u00e5 anv\u00e4nda olika uppf\u00f6ljningstabeller f\u00f6r att f\u00f6lja upp bland annat motivationen, motionen, vikten, s\u00f6mnen och styrkorna.<\/p>\n\t\t\t\t<\/div>\t\t\t\t<\/div>\n\t\t\t\t<\/div>\n\t\t\t\t<div class=\"elementor-element elementor-element-0c5cd07 elementor-widget elementor-widget-button\" data-id=\"0c5cd07\" data-element_type=\"widget\" data-e-type=\"widget\" data-widget_type=\"button.default\">\n\t\t\t\t<div class=\"elementor-widget-container\">\n\t\t\t\t\t\t\t\t\t<div class=\"elementor-button-wrapper\">\n\t\t\t\t\t<a class=\"elementor-button elementor-button-link elementor-size-sm\" href=\"https:\/\/www.verkkopuntari.fi\/sv\/programmet\/\">\n\t\t\t\t\t\t<span class=\"elementor-button-content-wrapper\">\n\t\t\t\t\t\t\t\t\t<span class=\"elementor-button-text\">BEKANTA DIG MED PROGRAMMET<\/span>\n\t\t\t\t\t<\/span>\n\t\t\t\t\t<\/a>\n\t\t\t\t<\/div>\n\t\t\t\t\t\t\t\t<\/div>\n\t\t\t\t<\/div>\n\t\t\t\t\t<\/div>\n\t\t<\/div>\n\t\t\t\t<div class=\"elementor-column elementor-col-50 elementor-top-column elementor-element elementor-element-d0bea14\" data-id=\"d0bea14\" data-element_type=\"column\" data-e-type=\"column\">\n\t\t\t<div class=\"elementor-widget-wrap elementor-element-populated\">\n\t\t\t\t\t\t<div class=\"elementor-element elementor-element-2385db1 elementor-widget elementor-widget-image\" data-id=\"2385db1\" data-element_type=\"widget\" data-e-type=\"widget\" data-widget_type=\"image.default\">\n\t\t\t\t<div class=\"elementor-widget-container\">\n\t\t\t\t\t\t\t\t\t\t\t\t\t\t\t<img decoding=\"async\" width=\"2000\" height=\"1154\" src=\"https:\/\/www.verkkopuntari.fi\/wp-content\/uploads\/2023\/12\/Vag-1.jpg\" class=\"attachment-full size-full wp-image-63477\" alt=\"V\u00e4g (grupper)\" srcset=\"https:\/\/www.verkkopuntari.fi\/wp-content\/uploads\/2023\/12\/Vag-1.jpg 2000w, https:\/\/www.verkkopuntari.fi\/wp-content\/uploads\/2023\/12\/Vag-1-300x173.jpg 300w, https:\/\/www.verkkopuntari.fi\/wp-content\/uploads\/2023\/12\/Vag-1-1024x591.jpg 1024w, https:\/\/www.verkkopuntari.fi\/wp-content\/uploads\/2023\/12\/Vag-1-768x443.jpg 768w, https:\/\/www.verkkopuntari.fi\/wp-content\/uploads\/2023\/12\/Vag-1-1536x886.jpg 1536w, https:\/\/www.verkkopuntari.fi\/wp-content\/uploads\/2023\/12\/Vag-1-624x360.jpg 624w\" sizes=\"(max-width: 2000px) 100vw, 2000px\" \/>\t\t\t\t\t\t\t\t\t\t\t\t\t\t\t<\/div>\n\t\t\t\t<\/div>\n\t\t\t\t\t<\/div>\n\t\t<\/div>\n\t\t\t\t\t<\/div>\n\t\t<\/section>\n\t\t\t\t<section class=\"elementor-section elementor-top-section elementor-element elementor-element-894f956 elementor-section-boxed elementor-section-height-default elementor-section-height-default\" data-id=\"894f956\" data-element_type=\"section\" data-e-type=\"section\" data-settings=\"{&quot;background_background&quot;:&quot;classic&quot;}\">\n\t\t\t\t\t\t<div class=\"elementor-container elementor-column-gap-default\">\n\t\t\t\t\t<div class=\"elementor-column elementor-col-50 elementor-top-column elementor-element elementor-element-4b28beb\" data-id=\"4b28beb\" data-element_type=\"column\" data-e-type=\"column\">\n\t\t\t<div class=\"elementor-widget-wrap elementor-element-populated\">\n\t\t\t\t\t\t<div class=\"elementor-element elementor-element-8f038b6 elementor-widget elementor-widget-image\" data-id=\"8f038b6\" data-element_type=\"widget\" data-e-type=\"widget\" data-widget_type=\"image.default\">\n\t\t\t\t<div class=\"elementor-widget-container\">\n\t\t\t\t\t\t\t\t\t\t\t\t\t\t\t<img loading=\"lazy\" decoding=\"async\" width=\"554\" height=\"376\" src=\"https:\/\/www.verkkopuntari.fi\/wp-content\/uploads\/2022\/04\/Verkkopuntari-Tutkittua-tietoa-1.jpg\" class=\"attachment-large size-large wp-image-51045\" alt=\"\" srcset=\"https:\/\/www.verkkopuntari.fi\/wp-content\/uploads\/2022\/04\/Verkkopuntari-Tutkittua-tietoa-1.jpg 554w, https:\/\/www.verkkopuntari.fi\/wp-content\/uploads\/2022\/04\/Verkkopuntari-Tutkittua-tietoa-1-300x204.jpg 300w\" sizes=\"(max-width: 554px) 100vw, 554px\" \/>\t\t\t\t\t\t\t\t\t\t\t\t\t\t\t<\/div>\n\t\t\t\t<\/div>\n\t\t\t\t\t<\/div>\n\t\t<\/div>\n\t\t\t\t<div class=\"elementor-column elementor-col-50 elementor-top-column elementor-element elementor-element-1e6bc3e\" data-id=\"1e6bc3e\" data-element_type=\"column\" data-e-type=\"column\">\n\t\t\t<div class=\"elementor-widget-wrap elementor-element-populated\">\n\t\t\t\t\t\t<div class=\"elementor-element elementor-element-40c8cbd elementor-widget elementor-widget-heading\" data-id=\"40c8cbd\" data-element_type=\"widget\" data-e-type=\"widget\" data-widget_type=\"heading.default\">\n\t\t\t\t<div class=\"elementor-widget-container\">\n\t\t\t\t\t<h2 class=\"elementor-heading-title elementor-size-default\">Forskningsdata <\/h2>\t\t\t\t<\/div>\n\t\t\t\t<\/div>\n\t\t\t\t<div class=\"elementor-element elementor-element-e7563cf elementor-widget elementor-widget-text-editor\" data-id=\"e7563cf\" data-element_type=\"widget\" data-e-type=\"widget\" data-widget_type=\"text-editor.default\">\n\t\t\t\t<div class=\"elementor-widget-container\">\n\t\t\t\t\t<div class=\"bb-theme-elementor-wrap bb-elementor-custom-color bb-elementor-custom-family bb-elementor-custom-size bb-elementor-custom-line-height\">\t\t\t\t<p>Den vid \u00d6stra Finlands universitet publicerade doktorsavhandlingen&nbsp;<a href=\"https:\/\/edockerfiles.com\/80ae702e-67b5-11eb-8e2a-00155d64030a\/#\/article\/16\/page\/1-1#19\" target=\"_blank\">(Puska, 2023)<\/a>&nbsp;p\u00e5visar att en intervention d\u00e4r professionell handledning, grupptr\u00e4ffar p\u00e5 plats samt st\u00f6d via n\u00e4tet kombineras l\u00e4mpar sig f\u00f6r livsstilshandledning.&nbsp; &nbsp;<\/p><p>Verkkopuntari var en intervention i \u00c5bo universitets studie Syd\u00e4nPORTAAT. Enligt resultatet av real life-unders\u00f6kningen som publicerades i tidningen <a class=\"sydanpiiri_links\" href=\"https:\/\/edockerfiles.com\/80ae702e-67b5-11eb-8e2a-00155d64030a\/#\/article\/16\/page\/1-1#19\" style=\"font-size: 16px; background-color: rgb(249, 247, 247);\">Yleisl\u00e4\u00e4k\u00e4ri<\/a> 1\/2021 var den traditionella viktkontrollgruppen och den webbaserade gruppen lika effektiva.<\/p>\t\t\t\t<\/div>\t\t\t\t<\/div>\n\t\t\t\t<\/div>\n\t\t\t\t\t<\/div>\n\t\t<\/div>\n\t\t\t\t\t<\/div>\n\t\t<\/section>\n\t\t\t\t<section class=\"elementor-section elementor-top-section elementor-element elementor-element-cace250 elementor-hidden-desktop elementor-hidden-tablet elementor-hidden-mobile elementor-section-boxed elementor-section-height-default elementor-section-height-default\" data-id=\"cace250\" data-element_type=\"section\" data-e-type=\"section\" data-settings=\"{&quot;background_background&quot;:&quot;classic&quot;}\">\n\t\t\t\t\t\t<div class=\"elementor-container elementor-column-gap-default\">\n\t\t\t\t\t<div class=\"elementor-column elementor-col-100 elementor-top-column elementor-element elementor-element-e956241\" data-id=\"e956241\" data-element_type=\"column\" data-e-type=\"column\" data-settings=\"{&quot;background_background&quot;:&quot;classic&quot;}\">\n\t\t\t<div class=\"elementor-widget-wrap elementor-element-populated\">\n\t\t\t\t\t\t<div class=\"elementor-element elementor-element-7d2592b elementor-widget__width-auto elementor-widget elementor-widget-heading\" data-id=\"7d2592b\" data-element_type=\"widget\" data-e-type=\"widget\" data-widget_type=\"heading.default\">\n\t\t\t\t<div class=\"elementor-widget-container\">\n\t\t\t\t\t<h2 class=\"elementor-heading-title elementor-size-default\">Ta i bruk Verkkopuntari som st\u00f6d f\u00f6r din livsstilsf\u00f6r\u00e4ndring.<\/h2>\t\t\t\t<\/div>\n\t\t\t\t<\/div>\n\t\t\t\t<div class=\"elementor-element elementor-element-18db8f9 elementor-align-right elementor-widget__width-auto elementor-tablet-align-center elementor-widget-tablet__width-inherit elementor-widget elementor-widget-button\" data-id=\"18db8f9\" data-element_type=\"widget\" data-e-type=\"widget\" data-widget_type=\"button.default\">\n\t\t\t\t<div class=\"elementor-widget-container\">\n\t\t\t\t\t\t\t\t\t<div class=\"elementor-button-wrapper\">\n\t\t\t\t\t<a class=\"elementor-button elementor-button-link elementor-size-sm\" href=\"https:\/\/www.verkkopuntari.fi\/sv\/kom-med\/\">\n\t\t\t\t\t\t<span class=\"elementor-button-content-wrapper\">\n\t\t\t\t\t\t\t\t\t<span class=\"elementor-button-text\">HITTA DIN HANDLEDARE<\/span>\n\t\t\t\t\t<\/span>\n\t\t\t\t\t<\/a>\n\t\t\t\t<\/div>\n\t\t\t\t\t\t\t\t<\/div>\n\t\t\t\t<\/div>\n\t\t\t\t\t<\/div>\n\t\t<\/div>\n\t\t\t\t\t<\/div>\n\t\t<\/section>\n\t\t\t\t<\/div>\n\t\t","protected":false},"excerpt":{"rendered":"<p>Tillsammans mot best\u00e5ende f\u00f6r\u00e4ndringar Verkkopuntari \u00e4r ett program som st\u00f6d f\u00f6r viktkontroll och best\u00e5ende livsstilsf\u00f6r\u00e4ndringar. Du kan delta oberoende av tid och plats n\u00e4r det&hellip;<\/p>\n","protected":false},"author":1626,"featured_media":0,"parent":0,"menu_order":0,"comment_status":"closed","ping_status":"closed","template":"elementor_header_footer","meta":{"_acf_changed":false,"footnotes":""},"class_list":["post-59662","page","type-page","status-publish","hentry"],"acf":[],"_links":{"self":[{"href":"https:\/\/www.verkkopuntari.fi\/sv\/wp-json\/wp\/v2\/pages\/59662","targetHints":{"allow":["GET"]}}],"collection":[{"href":"https:\/\/www.verkkopuntari.fi\/sv\/wp-json\/wp\/v2\/pages"}],"about":[{"href":"https:\/\/www.verkkopuntari.fi\/sv\/wp-json\/wp\/v2\/types\/page"}],"author":[{"embeddable":true,"href":"https:\/\/www.verkkopuntari.fi\/sv\/wp-json\/wp\/v2\/users\/1626"}],"replies":[{"embeddable":true,"href":"https:\/\/www.verkkopuntari.fi\/sv\/wp-json\/wp\/v2\/comments?post=59662"}],"version-history":[{"count":28,"href":"https:\/\/www.verkkopuntari.fi\/sv\/wp-json\/wp\/v2\/pages\/59662\/revisions"}],"predecessor-version":[{"id":65832,"href":"https:\/\/www.verkkopuntari.fi\/sv\/wp-json\/wp\/v2\/pages\/59662\/revisions\/65832"}],"wp:attachment":[{"href":"https:\/\/www.verkkopuntari.fi\/sv\/wp-json\/wp\/v2\/media?parent=59662"}],"curies":[{"name":"wp","href":"https:\/\/api.w.org\/{rel}","templated":true}]}}