{"id":59735,"date":"2023-05-15T15:32:43","date_gmt":"2023-05-15T12:32:43","guid":{"rendered":"https:\/\/www.verkkopuntari.fi\/kom-med\/"},"modified":"2023-06-20T15:06:02","modified_gmt":"2023-06-20T12:06:02","slug":"kom-med","status":"publish","type":"page","link":"https:\/\/www.verkkopuntari.fi\/sv\/kom-med\/","title":{"rendered":"Kom med"},"content":{"rendered":"\t\t<div data-elementor-type=\"wp-page\" data-elementor-id=\"59735\" class=\"elementor elementor-59735 elementor-51511\" data-elementor-post-type=\"page\">\n\t\t\t\t\t\t<section class=\"elementor-section elementor-top-section elementor-element elementor-element-8f69314 elementor-section-boxed elementor-section-height-default elementor-section-height-default\" data-id=\"8f69314\" data-element_type=\"section\" data-e-type=\"section\" data-settings=\"{&quot;background_background&quot;:&quot;classic&quot;}\">\n\t\t\t\t\t\t<div class=\"elementor-container elementor-column-gap-default\">\n\t\t\t\t\t<div class=\"elementor-column elementor-col-100 elementor-top-column elementor-element elementor-element-aa5cc2b\" data-id=\"aa5cc2b\" data-element_type=\"column\" data-e-type=\"column\">\n\t\t\t<div class=\"elementor-widget-wrap elementor-element-populated\">\n\t\t\t\t\t\t<div class=\"elementor-element elementor-element-8f4920f elementor-widget elementor-widget-html\" data-id=\"8f4920f\" data-element_type=\"widget\" data-e-type=\"widget\" data-widget_type=\"html.default\">\n\t\t\t\t<div class=\"elementor-widget-container\">\n\t\t\t\t\t<div id=\"backdiv\">\n    <span onclick=\"history.back()\" hidden=\"\">\n Tillbaka\n    <\/span>\n<\/div>\t\t\t\t<\/div>\n\t\t\t\t<\/div>\n\t\t\t\t\t<\/div>\n\t\t<\/div>\n\t\t\t\t\t<\/div>\n\t\t<\/section>\n\t\t\t\t<section class=\"elementor-section elementor-top-section elementor-element elementor-element-8d0b19b elementor-section-boxed elementor-section-height-default elementor-section-height-default\" data-id=\"8d0b19b\" data-element_type=\"section\" data-e-type=\"section\" data-settings=\"{&quot;background_background&quot;:&quot;classic&quot;}\">\n\t\t\t\t\t\t<div class=\"elementor-container elementor-column-gap-default\">\n\t\t\t\t\t<div class=\"elementor-column elementor-col-100 elementor-top-column elementor-element elementor-element-b3fb9c6\" data-id=\"b3fb9c6\" data-element_type=\"column\" data-e-type=\"column\">\n\t\t\t<div class=\"elementor-widget-wrap elementor-element-populated\">\n\t\t\t\t\t\t<div class=\"elementor-element elementor-element-6cd2b8b elementor-button-align-stretch elementor-widget elementor-widget-form\" data-id=\"6cd2b8b\" data-element_type=\"widget\" data-e-type=\"widget\" data-settings=\"{&quot;step_next_label&quot;:&quot;N\\u00e4sta&quot;,&quot;step_previous_label&quot;:&quot;F\\u00f6reg\\u00e5ende&quot;,&quot;button_width&quot;:&quot;100&quot;,&quot;step_type&quot;:&quot;number_text&quot;,&quot;step_icon_shape&quot;:&quot;circle&quot;}\" data-widget_type=\"form.default\">\n\t\t\t\t<div class=\"elementor-widget-container\">\n\t\t\t\t\t\t\t<form class=\"elementor-form\" method=\"post\" id=\"yhteydenotto_formi\" name=\"Kontakt\" aria-label=\"Kontakt\">\n\t\t\t<input type=\"hidden\" name=\"post_id\" value=\"59735\"\/>\n\t\t\t<input type=\"hidden\" name=\"form_id\" value=\"6cd2b8b\"\/>\n\t\t\t<input type=\"hidden\" name=\"referer_title\" value=\"Kom med\" \/>\n\n\t\t\t\t\t\t\t<input type=\"hidden\" name=\"queried_id\" value=\"59735\"\/>\n\t\t\t\n\t\t\t<div class=\"elementor-form-fields-wrapper elementor-labels-\">\n\t\t\t\t\t\t\t\t<div class=\"elementor-field-type-step elementor-field-group elementor-column elementor-field-group-field_679ce99 elementor-col-100\">\n\t\t\t\t\t\t\t<div class=\"e-field-step elementor-hidden\" data-label=\"LANDSKAP\" data-previousButton=\"\" data-nextButton=\"\" data-iconUrl=\"\" data-iconLibrary=\"fas fa-star\" data-icon=\"\" ><\/div>\n\n\t\t\t\t\t\t<\/div>\n\t\t\t\t\t\t\t\t<div class=\"elementor-field-type-html elementor-field-group elementor-column elementor-field-group-field_743d4ae elementor-col-100\">\n\t\t\t\t\t<div id=\"formihtml\">\n<h1>Var i Finland bor du?<\/h1>\n<p> Du kan delta i Verkkopuntari om verksamheten ordnas i ditt omr\u00e5de. <b>B\u00f6rja med att v\u00e4lja ditt landskap.<\/b><\/p>\n<\/div>\t\t\t\t<\/div>\n\t\t\t\t\t\t\t\t<div class=\"elementor-field-type-select elementor-field-group elementor-column elementor-field-group-maakunta elementor-col-100\">\n\t\t\t\t\t\t\t<div class=\"elementor-field elementor-select-wrapper remove-before \">\n\t\t\t<div class=\"select-caret-down-wrapper\">\n\t\t\t\t<i aria-hidden=\"true\" class=\"eicon-caret-down\"><\/i>\t\t\t<\/div>\n\t\t\t<select name=\"form_fields[maakunta]\" id=\"form-field-maakunta\" class=\"elementor-field-textual elementor-size-sm\">\n\t\t\t\t\t\t\t\t\t<option value=\"\">V\u00e4lja ditt landskap<\/option>\n\t\t\t\t\t\t\t\t\t<option value=\"S\u00f6dra Karelen\">S\u00f6dra Karelen<\/option>\n\t\t\t\t\t\t\t\t\t<option value=\"S\u00f6dra \u00d6sterbotten\">S\u00f6dra \u00d6sterbotten<\/option>\n\t\t\t\t\t\t\t\t\t<option value=\"S\u00f6dra Savolax\">S\u00f6dra Savolax<\/option>\n\t\t\t\t\t\t\t\t\t<option value=\"Kajanaland\">Kajanaland<\/option>\n\t\t\t\t\t\t\t\t\t<option value=\"Egentliga Tavastland\">Egentliga Tavastland<\/option>\n\t\t\t\t\t\t\t\t\t<option value=\"Mellersta \u00d6sterbotten\">Mellersta \u00d6sterbotten<\/option>\n\t\t\t\t\t\t\t\t\t<option value=\"Mellersta Finland\">Mellersta Finland<\/option>\n\t\t\t\t\t\t\t\t\t<option value=\"Kymmenedalen\">Kymmenedalen<\/option>\n\t\t\t\t\t\t\t\t\t<option value=\"Lappland\">Lappland<\/option>\n\t\t\t\t\t\t\t\t\t<option value=\"Birkaland\">Birkaland<\/option>\n\t\t\t\t\t\t\t\t\t<option value=\"\u00d6sterbotten\">\u00d6sterbotten<\/option>\n\t\t\t\t\t\t\t\t\t<option value=\"Norra Karelen\">Norra Karelen<\/option>\n\t\t\t\t\t\t\t\t\t<option value=\"Norra \u00d6sterbotten\">Norra \u00d6sterbotten<\/option>\n\t\t\t\t\t\t\t\t\t<option value=\"Norra Savolax\">Norra Savolax<\/option>\n\t\t\t\t\t\t\t\t\t<option value=\"P\u00e4ij\u00e4nne-Tavastland\">P\u00e4ij\u00e4nne-Tavastland<\/option>\n\t\t\t\t\t\t\t\t\t<option value=\"Satakunta\">Satakunta<\/option>\n\t\t\t\t\t\t\t\t\t<option value=\"Nyland\">Nyland<\/option>\n\t\t\t\t\t\t\t\t\t<option value=\"Egentliga Finland\">Egentliga Finland<\/option>\n\t\t\t\t\t\t\t<\/select>\n\t\t<\/div>\n\t\t\t\t\t\t<\/div>\n\t\t\t\t\t\t\t\t<div class=\"elementor-field-type-step elementor-field-group elementor-column elementor-field-group-field_2377d41 elementor-col-100\">\n\t\t\t\t\t\t\t<div class=\"e-field-step elementor-hidden\" data-label=\"DIN KONTAKTPERSON\" data-previousButton=\"\" data-nextButton=\"\" data-iconUrl=\"\" data-iconLibrary=\"fas fa-star\" data-icon=\"\" ><\/div>\n\n\t\t\t\t\t\t<\/div>\n\t\t\t\t\t\t\t\t<div class=\"elementor-field-type-html elementor-field-group elementor-column elementor-field-group-field_bce3550 elementor-col-100\">\n\t\t\t\t\t<div id=\"formihtml\">\n<h1>Valt <span id=\"formimaakunta\">landskap<\/span><\/h1>\n<p>Fr\u00e5ga kontaktpersonen i ditt omr\u00e5de om de coachningar som startas.<\/p>\n<\/div>\t\t\t\t<\/div>\n\t\t\t\t\t\t\t\t<div class=\"elementor-field-type-html elementor-field-group elementor-column elementor-field-group-field_9a315bd elementor-col-100\">\n\t\t\t\t\t<table id=\"ytd-table\"><tbody><\/tbody><\/table><div id=\"formi-takaisin-listaan\" data-rendered=\"0\" style=\"display:none;\">Takaisin<\/div>\t\t\t\t<\/div>\n\t\t\t\t\t\t\t\t<div class=\"elementor-field-type-step elementor-field-group elementor-column elementor-field-group-field_de606d5 elementor-col-100\">\n\t\t\t\t\t\t\t<div class=\"e-field-step elementor-hidden\" data-label=\"TA KONTAKT\" data-previousButton=\"\" data-nextButton=\"\" data-iconUrl=\"\" data-iconLibrary=\"fas fa-star\" data-icon=\"\" ><\/div>\n\n\t\t\t\t\t\t<\/div>\n\t\t\t\t\t\t\t\t<div class=\"elementor-field-type-html elementor-field-group elementor-column elementor-field-group-field_b9e651e elementor-col-100\">\n\t\t\t\t\t<div id=\"formihtml\"><h1>Ta kontakt<\/h1>\n<div id=\"formi-otayhteytta\">\nInneh\u00e5ll h\u00e4r<\/div>\n<\/div>\n<div id=\"formi-takaisin\" style=\"display:none;\" data-rendered=\"0\">Tillbaka<\/div>\t\t\t\t<\/div>\n\t\t\t\t\t\t\t\t<div class=\"elementor-field-group elementor-column elementor-field-type-submit elementor-col-100 e-form__buttons\">\n\t\t\t\t\t<button class=\"elementor-button elementor-size-sm\" type=\"submit\" id=\"formibuttoni\">\n\t\t\t\t\t\t<span class=\"elementor-button-content-wrapper\">\n\t\t\t\t\t\t\t\t\t\t\t\t\t\t\t\t\t\t\t\t\t\t<span class=\"elementor-button-text\">Forts\u00e4tt<\/span>\n\t\t\t\t\t\t\t\t\t\t\t\t\t<\/span>\n\t\t\t\t\t<\/button>\n\t\t\t\t<\/div>\n\t\t\t<\/div>\n\t\t<\/form>\n\t\t\t\t\t\t<\/div>\n\t\t\t\t<\/div>\n\t\t\t\t\t<\/div>\n\t\t<\/div>\n\t\t\t\t\t<\/div>\n\t\t<\/section>\n\t\t\t\t<section class=\"elementor-section elementor-top-section elementor-element elementor-element-be52a37 elementor-section-boxed elementor-section-height-default elementor-section-height-default\" data-id=\"be52a37\" data-element_type=\"section\" data-e-type=\"section\">\n\t\t\t\t\t\t<div class=\"elementor-container elementor-column-gap-default\">\n\t\t\t\t\t<div class=\"elementor-column elementor-col-100 elementor-top-column elementor-element elementor-element-44bc899\" data-id=\"44bc899\" data-element_type=\"column\" data-e-type=\"column\">\n\t\t\t<div class=\"elementor-widget-wrap elementor-element-populated\">\n\t\t\t\t\t\t<div class=\"elementor-element elementor-element-a2a561a elementor-widget elementor-widget-text-editor\" data-id=\"a2a561a\" data-element_type=\"widget\" data-e-type=\"widget\" data-widget_type=\"text-editor.default\">\n\t\t\t\t<div class=\"elementor-widget-container\">\n\t\t\t\t\t\t\t\t\t<p>Beh\u00f6ver du mer information?<br \/><a href=\"https:\/\/www.verkkopuntari.fi\/sv\/ta-kontakt\/\"><span style=\"text-decoration: underline;\">G\u00e5 till Satakunnan Syd\u00e4npiiris kontaktblankett via denna l\u00e4nk.<\/span><\/a><\/p>\n\t\t\t\t\t\t\t\t<\/div>\n\t\t\t\t<\/div>\n\t\t\t\t\t<\/div>\n\t\t<\/div>\n\t\t\t\t\t<\/div>\n\t\t<\/section>\n\t\t\t\t<\/div>\n\t\t","protected":false},"excerpt":{"rendered":"<p>Tillbaka Beh\u00f6ver du mer information?G\u00e5 till Satakunnan Syd\u00e4npiiris kontaktblankett via denna l\u00e4nk.<\/p>\n","protected":false},"author":49,"featured_media":0,"parent":0,"menu_order":0,"comment_status":"closed","ping_status":"closed","template":"elementor_header_footer","meta":{"_acf_changed":false,"footnotes":""},"class_list":["post-59735","page","type-page","status-publish","hentry"],"acf":[],"_links":{"self":[{"href":"https:\/\/www.verkkopuntari.fi\/sv\/wp-json\/wp\/v2\/pages\/59735","targetHints":{"allow":["GET"]}}],"collection":[{"href":"https:\/\/www.verkkopuntari.fi\/sv\/wp-json\/wp\/v2\/pages"}],"about":[{"href":"https:\/\/www.verkkopuntari.fi\/sv\/wp-json\/wp\/v2\/types\/page"}],"author":[{"embeddable":true,"href":"https:\/\/www.verkkopuntari.fi\/sv\/wp-json\/wp\/v2\/users\/49"}],"replies":[{"embeddable":true,"href":"https:\/\/www.verkkopuntari.fi\/sv\/wp-json\/wp\/v2\/comments?post=59735"}],"version-history":[{"count":5,"href":"https:\/\/www.verkkopuntari.fi\/sv\/wp-json\/wp\/v2\/pages\/59735\/revisions"}],"predecessor-version":[{"id":60168,"href":"https:\/\/www.verkkopuntari.fi\/sv\/wp-json\/wp\/v2\/pages\/59735\/revisions\/60168"}],"wp:attachment":[{"href":"https:\/\/www.verkkopuntari.fi\/sv\/wp-json\/wp\/v2\/media?parent=59735"}],"curies":[{"name":"wp","href":"https:\/\/api.w.org\/{rel}","templated":true}]}}