{"id":59737,"date":"2023-05-15T15:34:04","date_gmt":"2023-05-15T12:34:04","guid":{"rendered":"https:\/\/www.verkkopuntari.fi\/for-organisationer\/"},"modified":"2024-04-16T09:00:44","modified_gmt":"2024-04-16T06:00:44","slug":"for-organisationer","status":"publish","type":"page","link":"https:\/\/www.verkkopuntari.fi\/sv\/for-organisationer\/","title":{"rendered":"F\u00f6r organisationer"},"content":{"rendered":"\t\t<div data-elementor-type=\"wp-page\" data-elementor-id=\"59737\" class=\"elementor elementor-59737 elementor-51112\" data-elementor-post-type=\"page\">\n\t\t\t\t\t\t<section class=\"elementor-section elementor-top-section elementor-element elementor-element-67cbc46c elementor-section-boxed elementor-section-height-default elementor-section-height-default\" data-id=\"67cbc46c\" data-element_type=\"section\" data-e-type=\"section\" data-settings=\"{&quot;background_background&quot;:&quot;gradient&quot;}\">\n\t\t\t\t\t\t<div class=\"elementor-container elementor-column-gap-default\">\n\t\t\t\t\t<div class=\"elementor-column elementor-col-33 elementor-top-column elementor-element elementor-element-5db65a6e\" data-id=\"5db65a6e\" data-element_type=\"column\" data-e-type=\"column\" id=\"text-box\" data-settings=\"{&quot;background_background&quot;:&quot;classic&quot;}\">\n\t\t\t<div class=\"elementor-widget-wrap elementor-element-populated\">\n\t\t\t\t\t\t<div class=\"elementor-element elementor-element-74875839 elementor-widget elementor-widget-heading\" data-id=\"74875839\" data-element_type=\"widget\" data-e-type=\"widget\" data-widget_type=\"heading.default\">\n\t\t\t\t<div class=\"elementor-widget-container\">\n\t\t\t\t\t<h1 class=\"elementor-heading-title elementor-size-default\">Verkkopuntari\nf\u00f6r organisationer<\/h1>\t\t\t\t<\/div>\n\t\t\t\t<\/div>\n\t\t\t\t<div class=\"elementor-element elementor-element-62808dc0 elementor-widget elementor-widget-text-editor\" data-id=\"62808dc0\" data-element_type=\"widget\" data-e-type=\"widget\" id=\"p_text\" data-widget_type=\"text-editor.default\">\n\t\t\t\t<div class=\"elementor-widget-container\">\n\t\t\t\t\t\t\t\t\t<p>Satakunnan Syd\u00e4npiiri st\u00f6der den offentliga sektorns uppgift att st\u00f6da befolkningens h\u00e4lsa och v\u00e4lbefinnande genom att tillhandah\u00e5lla Verkkopuntari-verktyget, dess underh\u00e5ll och st\u00f6d f\u00f6r programmets anv\u00e4ndning f\u00f6r livsstilshandledningen. <\/p>\n\t\t\t\t\t\t\t\t<\/div>\n\t\t\t\t<\/div>\n\t\t\t\t\t<\/div>\n\t\t<\/div>\n\t\t\t\t<div class=\"elementor-column elementor-col-66 elementor-top-column elementor-element elementor-element-277a9829\" data-id=\"277a9829\" data-element_type=\"column\" data-e-type=\"column\">\n\t\t\t<div class=\"elementor-widget-wrap elementor-element-populated\">\n\t\t\t\t\t\t<div class=\"elementor-element elementor-element-62ca49 elementor-widget elementor-widget-image\" data-id=\"62ca49\" data-element_type=\"widget\" data-e-type=\"widget\" data-widget_type=\"image.default\">\n\t\t\t\t<div class=\"elementor-widget-container\">\n\t\t\t\t\t\t\t\t\t\t\t\t\t\t\t<img fetchpriority=\"high\" decoding=\"async\" width=\"640\" height=\"434\" src=\"https:\/\/www.verkkopuntari.fi\/wp-content\/uploads\/2022\/04\/Verkkopuntari-Organisaatioille.jpg\" class=\"attachment-large size-large wp-image-51119\" alt=\"\" srcset=\"https:\/\/www.verkkopuntari.fi\/wp-content\/uploads\/2022\/04\/Verkkopuntari-Organisaatioille.jpg 780w, https:\/\/www.verkkopuntari.fi\/wp-content\/uploads\/2022\/04\/Verkkopuntari-Organisaatioille-300x203.jpg 300w, https:\/\/www.verkkopuntari.fi\/wp-content\/uploads\/2022\/04\/Verkkopuntari-Organisaatioille-768x521.jpg 768w, https:\/\/www.verkkopuntari.fi\/wp-content\/uploads\/2022\/04\/Verkkopuntari-Organisaatioille-624x423.jpg 624w\" sizes=\"(max-width: 640px) 100vw, 640px\" \/>\t\t\t\t\t\t\t\t\t\t\t\t\t\t\t<\/div>\n\t\t\t\t<\/div>\n\t\t\t\t\t<\/div>\n\t\t<\/div>\n\t\t\t\t\t<\/div>\n\t\t<\/section>\n\t\t\t\t<section class=\"elementor-section elementor-top-section elementor-element elementor-element-05731d7 elementor-section-boxed elementor-section-height-default elementor-section-height-default\" data-id=\"05731d7\" data-element_type=\"section\" data-e-type=\"section\" data-settings=\"{&quot;background_background&quot;:&quot;classic&quot;}\">\n\t\t\t\t\t\t<div class=\"elementor-container elementor-column-gap-default\">\n\t\t\t\t\t<div class=\"elementor-column elementor-col-100 elementor-top-column elementor-element elementor-element-1b5b3b7\" data-id=\"1b5b3b7\" data-element_type=\"column\" data-e-type=\"column\">\n\t\t\t<div class=\"elementor-widget-wrap elementor-element-populated\">\n\t\t\t\t\t\t<div class=\"elementor-element elementor-element-cc4dd62 elementor-widget elementor-widget-text-editor\" data-id=\"cc4dd62\" data-element_type=\"widget\" data-e-type=\"widget\" data-widget_type=\"text-editor.default\">\n\t\t\t\t<div class=\"elementor-widget-container\">\n\t\t\t\t\t<div class=\"bb-theme-elementor-wrap bb-elementor-custom-color bb-elementor-custom-family bb-elementor-custom-size bb-elementor-custom-line-height\">\t\t\t\t<p>Verkkopuntari \u00e4r Satakunnan Syd\u00e4npiiris program som utvecklats med st\u00f6d av Social- och h\u00e4lsoorganisationernas underst\u00f6dscentral STEA under \u00e5ren 2011\u20132021. Fr\u00e5n 2022 uppr\u00e4tth\u00e5ller Syd\u00e4npiiri programmet med hj\u00e4lp av STEA:s riktade verksamhetsbidrag.<\/p>\n\t\t\t\t<\/div>\t\t\t\t<\/div>\n\t\t\t\t<\/div>\n\t\t\t\t<div class=\"elementor-element elementor-element-ea43cff elementor-align-center elementor-widget elementor-widget-button\" data-id=\"ea43cff\" data-element_type=\"widget\" data-e-type=\"widget\" data-widget_type=\"button.default\">\n\t\t\t\t<div class=\"elementor-widget-container\">\n\t\t\t\t\t\t\t\t\t<div class=\"elementor-button-wrapper\">\n\t\t\t\t\t<a class=\"elementor-button elementor-button-link elementor-size-sm\" href=\"https:\/\/link.webropolsurveys.com\/EventParticipation\/EventPublic\/96c1ae43-cfe6-4a96-9321-45ccb867b183?displayId=Fin3043250\">\n\t\t\t\t\t\t<span class=\"elementor-button-content-wrapper\">\n\t\t\t\t\t\t\t\t\t<span class=\"elementor-button-text\">TA I BRUK VERKKOPUNTARI GRATIS I DIN ORGANISATION<\/span>\n\t\t\t\t\t<\/span>\n\t\t\t\t\t<\/a>\n\t\t\t\t<\/div>\n\t\t\t\t\t\t\t\t<\/div>\n\t\t\t\t<\/div>\n\t\t\t\t\t<\/div>\n\t\t<\/div>\n\t\t\t\t\t<\/div>\n\t\t<\/section>\n\t\t\t\t<section class=\"elementor-section elementor-top-section elementor-element elementor-element-9e7347c elementor-section-boxed elementor-section-height-default elementor-section-height-default\" data-id=\"9e7347c\" data-element_type=\"section\" data-e-type=\"section\" data-settings=\"{&quot;background_background&quot;:&quot;classic&quot;}\">\n\t\t\t\t\t\t<div class=\"elementor-container elementor-column-gap-default\">\n\t\t\t\t\t<div class=\"elementor-column elementor-col-50 elementor-top-column elementor-element elementor-element-9bffcc7\" data-id=\"9bffcc7\" data-element_type=\"column\" data-e-type=\"column\">\n\t\t\t<div class=\"elementor-widget-wrap elementor-element-populated\">\n\t\t\t\t\t\t<div class=\"elementor-element elementor-element-1712335 elementor-widget elementor-widget-image\" data-id=\"1712335\" data-element_type=\"widget\" data-e-type=\"widget\" data-widget_type=\"image.default\">\n\t\t\t\t<div class=\"elementor-widget-container\">\n\t\t\t\t\t\t\t\t\t\t\t\t\t\t\t<img decoding=\"async\" width=\"560\" height=\"322\" src=\"https:\/\/www.verkkopuntari.fi\/wp-content\/uploads\/2022\/04\/Verkkopuntari-videon-placeholder.jpg\" class=\"attachment-large size-large wp-image-51105\" alt=\"\" srcset=\"https:\/\/www.verkkopuntari.fi\/wp-content\/uploads\/2022\/04\/Verkkopuntari-videon-placeholder.jpg 560w, https:\/\/www.verkkopuntari.fi\/wp-content\/uploads\/2022\/04\/Verkkopuntari-videon-placeholder-300x173.jpg 300w\" sizes=\"(max-width: 560px) 100vw, 560px\" \/>\t\t\t\t\t\t\t\t\t\t\t\t\t\t\t<\/div>\n\t\t\t\t<\/div>\n\t\t\t\t<div class=\"elementor-element elementor-element-302faa1 elementor-widget elementor-widget-text-editor\" data-id=\"302faa1\" data-element_type=\"widget\" data-e-type=\"widget\" data-widget_type=\"text-editor.default\">\n\t\t\t\t<div class=\"elementor-widget-container\">\n\t\t\t\t\t<div class=\"bb-theme-elementor-wrap bb-elementor-custom-color bb-elementor-custom-family bb-elementor-custom-size bb-elementor-custom-line-height\">\t\t\t\t<p>Se Verkkopuntaris presentationsvideo f\u00f6r handledare<\/p>\n\t\t\t\t<\/div>\t\t\t\t<\/div>\n\t\t\t\t<\/div>\n\t\t\t\t\t<\/div>\n\t\t<\/div>\n\t\t\t\t<div class=\"elementor-column elementor-col-50 elementor-top-column elementor-element elementor-element-4d7843f\" data-id=\"4d7843f\" data-element_type=\"column\" data-e-type=\"column\">\n\t\t\t<div class=\"elementor-widget-wrap elementor-element-populated\">\n\t\t\t\t\t\t<div class=\"elementor-element elementor-element-cc3dc69 elementor-widget elementor-widget-heading\" data-id=\"cc3dc69\" data-element_type=\"widget\" data-e-type=\"widget\" data-widget_type=\"heading.default\">\n\t\t\t\t<div class=\"elementor-widget-container\">\n\t\t\t\t\t<h2 class=\"elementor-heading-title elementor-size-default\">Verkkopuntari \u00e4r tills vidare avgiftsfri<\/h2>\t\t\t\t<\/div>\n\t\t\t\t<\/div>\n\t\t\t\t<div class=\"elementor-element elementor-element-34abc33 elementor-widget elementor-widget-text-editor\" data-id=\"34abc33\" data-element_type=\"widget\" data-e-type=\"widget\" data-widget_type=\"text-editor.default\">\n\t\t\t\t<div class=\"elementor-widget-container\">\n\t\t\t\t\t<div class=\"bb-theme-elementor-wrap bb-elementor-custom-color bb-elementor-custom-family bb-elementor-custom-size bb-elementor-custom-line-height\">\t\t\t\t<p>Fr\u00e5n och med 2022 uppr\u00e4tth\u00e5ller Syd\u00e4npiiri programmet med hj\u00e4lp av STEA:s riktade verksamhetsunderst\u00f6d.. I och med underst\u00f6det \u00e4r anv\u00e4ndningen av Verkkopuntari avgiftsfri f\u00f6r alla yrkesutbildade personer inom h\u00e4lso- och sjukv\u00e5rden. Avgiftsfriheten g\u00e4ller b\u00e5de introduktioner och kurser.<\/p>\n<p>Organisationer kan inleda verksamheten n\u00e4r minst en yrkesutbildad person inom h\u00e4lso- och sjukv\u00e5rden som agerar som handledare har tagit del av introduktionen och organisationen har fattat ett beslut om att inleda verksamheten.<\/p>\n\t\t\t\t<\/div>\t\t\t\t<\/div>\n\t\t\t\t<\/div>\n\t\t\t\t<div class=\"elementor-element elementor-element-e242c45 elementor-widget__width-auto elementor-widget elementor-widget-button\" data-id=\"e242c45\" data-element_type=\"widget\" data-e-type=\"widget\" data-widget_type=\"button.default\">\n\t\t\t\t<div class=\"elementor-widget-container\">\n\t\t\t\t\t\t\t\t\t<div class=\"elementor-button-wrapper\">\n\t\t\t\t\t<a class=\"elementor-button elementor-button-link elementor-size-sm\" href=\"https:\/\/www.verkkopuntari.fi\/sv\/ta-kontakt\/\">\n\t\t\t\t\t\t<span class=\"elementor-button-content-wrapper\">\n\t\t\t\t\t\t\t\t\t<span class=\"elementor-button-text\">KONTAKTA OSS<\/span>\n\t\t\t\t\t<\/span>\n\t\t\t\t\t<\/a>\n\t\t\t\t<\/div>\n\t\t\t\t\t\t\t\t<\/div>\n\t\t\t\t<\/div>\n\t\t\t\t<div class=\"elementor-element elementor-element-67077e7 elementor-widget__width-auto elementor-widget elementor-widget-button\" data-id=\"67077e7\" data-element_type=\"widget\" data-e-type=\"widget\" data-widget_type=\"button.default\">\n\t\t\t\t<div class=\"elementor-widget-container\">\n\t\t\t\t\t\t\t\t\t<div class=\"elementor-button-wrapper\">\n\t\t\t\t\t<a class=\"elementor-button elementor-button-link elementor-size-sm\" href=\"https:\/\/www.verkkopuntari.fi\/sv\/programmet\/\">\n\t\t\t\t\t\t<span class=\"elementor-button-content-wrapper\">\n\t\t\t\t\t\t\t\t\t<span class=\"elementor-button-text\">BEKANTA DIG MED PROGRAMMET<\/span>\n\t\t\t\t\t<\/span>\n\t\t\t\t\t<\/a>\n\t\t\t\t<\/div>\n\t\t\t\t\t\t\t\t<\/div>\n\t\t\t\t<\/div>\n\t\t\t\t\t<\/div>\n\t\t<\/div>\n\t\t\t\t\t<\/div>\n\t\t<\/section>\n\t\t\t\t<section class=\"elementor-section elementor-top-section elementor-element elementor-element-6acae87 elementor-reverse-mobile elementor-section-boxed elementor-section-height-default elementor-section-height-default\" data-id=\"6acae87\" data-element_type=\"section\" data-e-type=\"section\" data-settings=\"{&quot;background_background&quot;:&quot;classic&quot;}\">\n\t\t\t\t\t\t<div class=\"elementor-container elementor-column-gap-default\">\n\t\t\t\t\t<div class=\"elementor-column elementor-col-50 elementor-top-column elementor-element elementor-element-ce1aafe\" data-id=\"ce1aafe\" data-element_type=\"column\" data-e-type=\"column\">\n\t\t\t<div class=\"elementor-widget-wrap elementor-element-populated\">\n\t\t\t\t\t\t<div class=\"elementor-element elementor-element-c81ebe0 elementor-widget elementor-widget-heading\" data-id=\"c81ebe0\" data-element_type=\"widget\" data-e-type=\"widget\" data-widget_type=\"heading.default\">\n\t\t\t\t<div class=\"elementor-widget-container\">\n\t\t\t\t\t<h2 class=\"elementor-heading-title elementor-size-default\">Forskningsdata <\/h2>\t\t\t\t<\/div>\n\t\t\t\t<\/div>\n\t\t\t\t<div class=\"elementor-element elementor-element-2ef8460 elementor-widget elementor-widget-text-editor\" data-id=\"2ef8460\" data-element_type=\"widget\" data-e-type=\"widget\" data-widget_type=\"text-editor.default\">\n\t\t\t\t<div class=\"elementor-widget-container\">\n\t\t\t\t\t<div class=\"bb-theme-elementor-wrap bb-elementor-custom-color bb-elementor-custom-family bb-elementor-custom-size bb-elementor-custom-line-height\">\t\t\t\t<p>Den vid \u00d6stra Finlands universitet publicerade <a href=\"http:\/\/urn.fi\/URN:ISBN:978-952-61-4971-4\" target=\"_blank\" rel=\"noopener\">doktorsavhandlingen<\/a> (Puska, 2023) p\u00e5visar att en intervention d\u00e4r professionell handledning, grupptr\u00e4ffar p\u00e5 plats samt st\u00f6d via n\u00e4tet kombineras l\u00e4mpar sig f\u00f6r livsstilshandledning.<\/p><p>Verkkopuntari var en intervention i \u00c5bo universitets studie Syd\u00e4nPORTAAT. Enligt resultatet av real life-unders\u00f6kningen som publicerades i tidningen <a class=\"sydanpiiri_links\" href=\"https:\/\/edockerfiles.com\/80ae702e-67b5-11eb-8e2a-00155d64030a\/#\/article\/16\/page\/1-1#19\">Yleisl\u00e4\u00e4k\u00e4ri<\/a> 1\/2021 var den traditionella viktkontrollgruppen och den webbaserade gruppen lika effektiva.<\/p>\t\t\t\t<\/div>\t\t\t\t<\/div>\n\t\t\t\t<\/div>\n\t\t\t\t\t<\/div>\n\t\t<\/div>\n\t\t\t\t<div class=\"elementor-column elementor-col-50 elementor-top-column elementor-element elementor-element-34913a2\" data-id=\"34913a2\" data-element_type=\"column\" data-e-type=\"column\">\n\t\t\t<div class=\"elementor-widget-wrap elementor-element-populated\">\n\t\t\t\t\t\t<div class=\"elementor-element elementor-element-dbfcea3 elementor-widget elementor-widget-image\" data-id=\"dbfcea3\" data-element_type=\"widget\" data-e-type=\"widget\" data-widget_type=\"image.default\">\n\t\t\t\t<div class=\"elementor-widget-container\">\n\t\t\t\t\t\t\t\t\t\t\t\t\t\t\t<img decoding=\"async\" width=\"554\" height=\"376\" src=\"https:\/\/www.verkkopuntari.fi\/wp-content\/uploads\/2022\/04\/Verkkopuntari-Ohjaajien-perehdytys.jpg\" class=\"attachment-large size-large wp-image-51099\" alt=\"\" srcset=\"https:\/\/www.verkkopuntari.fi\/wp-content\/uploads\/2022\/04\/Verkkopuntari-Ohjaajien-perehdytys.jpg 554w, https:\/\/www.verkkopuntari.fi\/wp-content\/uploads\/2022\/04\/Verkkopuntari-Ohjaajien-perehdytys-300x204.jpg 300w\" sizes=\"(max-width: 554px) 100vw, 554px\" \/>\t\t\t\t\t\t\t\t\t\t\t\t\t\t\t<\/div>\n\t\t\t\t<\/div>\n\t\t\t\t\t<\/div>\n\t\t<\/div>\n\t\t\t\t\t<\/div>\n\t\t<\/section>\n\t\t\t\t<section class=\"elementor-section elementor-top-section elementor-element elementor-element-ac9046a elementor-section-boxed elementor-section-height-default elementor-section-height-default\" data-id=\"ac9046a\" data-element_type=\"section\" data-e-type=\"section\" data-settings=\"{&quot;background_background&quot;:&quot;classic&quot;}\">\n\t\t\t\t\t\t<div class=\"elementor-container elementor-column-gap-default\">\n\t\t\t\t\t<div class=\"elementor-column elementor-col-50 elementor-top-column elementor-element elementor-element-bdf3f2b\" data-id=\"bdf3f2b\" data-element_type=\"column\" data-e-type=\"column\">\n\t\t\t<div class=\"elementor-widget-wrap elementor-element-populated\">\n\t\t\t\t\t\t<div class=\"elementor-element elementor-element-3eb3026 elementor-widget elementor-widget-image\" data-id=\"3eb3026\" data-element_type=\"widget\" data-e-type=\"widget\" data-widget_type=\"image.default\">\n\t\t\t\t<div class=\"elementor-widget-container\">\n\t\t\t\t\t\t\t\t\t\t\t\t\t\t\t<img loading=\"lazy\" decoding=\"async\" width=\"554\" height=\"376\" src=\"https:\/\/www.verkkopuntari.fi\/wp-content\/uploads\/2022\/04\/Verkkopuntari-Tutkittua-tietoa-1.jpg\" class=\"attachment-large size-large wp-image-51045\" alt=\"\" srcset=\"https:\/\/www.verkkopuntari.fi\/wp-content\/uploads\/2022\/04\/Verkkopuntari-Tutkittua-tietoa-1.jpg 554w, https:\/\/www.verkkopuntari.fi\/wp-content\/uploads\/2022\/04\/Verkkopuntari-Tutkittua-tietoa-1-300x204.jpg 300w\" sizes=\"(max-width: 554px) 100vw, 554px\" \/>\t\t\t\t\t\t\t\t\t\t\t\t\t\t\t<\/div>\n\t\t\t\t<\/div>\n\t\t\t\t\t<\/div>\n\t\t<\/div>\n\t\t\t\t<div class=\"elementor-column elementor-col-50 elementor-top-column elementor-element elementor-element-2451c66\" data-id=\"2451c66\" data-element_type=\"column\" data-e-type=\"column\">\n\t\t\t<div class=\"elementor-widget-wrap elementor-element-populated\">\n\t\t\t\t\t\t<div class=\"elementor-element elementor-element-bb028b0 elementor-widget elementor-widget-heading\" data-id=\"bb028b0\" data-element_type=\"widget\" data-e-type=\"widget\" data-widget_type=\"heading.default\">\n\t\t\t\t<div class=\"elementor-widget-container\">\n\t\t\t\t\t<h2 class=\"elementor-heading-title elementor-size-default\">L\u00e4mpar sig f\u00f6r olika m\u00e5lgrupper<\/h2>\t\t\t\t<\/div>\n\t\t\t\t<\/div>\n\t\t\t\t<div class=\"elementor-element elementor-element-40832a3 elementor-widget elementor-widget-text-editor\" data-id=\"40832a3\" data-element_type=\"widget\" data-e-type=\"widget\" data-widget_type=\"text-editor.default\">\n\t\t\t\t<div class=\"elementor-widget-container\">\n\t\t\t\t\t<div class=\"bb-theme-elementor-wrap bb-elementor-custom-color bb-elementor-custom-family bb-elementor-custom-size bb-elementor-custom-line-height\">\t\t\t\t<p>Verkkopuntari kan utnyttjas i stor utstr\u00e4ckning i vuxnas livsstilshandledning och l\u00e4mpar sig f\u00f6r m\u00e5nga m\u00e5lgrupper, till exempel personer som lider av diabetes typ 2 eller s\u00f6mnapn\u00e9. En viktig m\u00e5lgrupp redan i f\u00f6rebyggande syfte \u00e4r till exempel f\u00f6r\u00e4ldrar till barn i r\u00e5dgivnings\u00e5ldern. Dessutom har Verkkopuntari ocks\u00e5 anv\u00e4nts inom f\u00f6retagsh\u00e4lsov\u00e5rden, som st\u00f6d f\u00f6r fertilitetsbehandlingar, i studerandeh\u00e4lsov\u00e5rden, handledningen av personer utanf\u00f6r arbetslivet samt i samarbete med motionsr\u00e5dgivningen.<\/p>\n<p>Utifr\u00e5n Verkkopuntari har man utvecklat program f\u00f6r allm\u00e4n handledning i levnadsvanor och viktkontroll samt livsstilshandledning under graviditeten.<\/p>\n<p>Handledningen kan genomf\u00f6rs individuellt eller i grupp.<\/p>\n\t\t\t\t<\/div>\t\t\t\t<\/div>\n\t\t\t\t<\/div>\n\t\t\t\t\t<\/div>\n\t\t<\/div>\n\t\t\t\t\t<\/div>\n\t\t<\/section>\n\t\t\t\t<section class=\"elementor-section elementor-top-section elementor-element elementor-element-99ebf66 elementor-section-boxed elementor-section-height-default elementor-section-height-default\" data-id=\"99ebf66\" data-element_type=\"section\" data-e-type=\"section\" data-settings=\"{&quot;background_background&quot;:&quot;classic&quot;}\">\n\t\t\t\t\t\t<div class=\"elementor-container elementor-column-gap-default\">\n\t\t\t\t\t<div class=\"elementor-column elementor-col-50 elementor-top-column elementor-element elementor-element-41c442a\" data-id=\"41c442a\" data-element_type=\"column\" data-e-type=\"column\">\n\t\t\t<div class=\"elementor-widget-wrap elementor-element-populated\">\n\t\t\t\t\t\t<div class=\"elementor-element elementor-element-f0294fc elementor-widget elementor-widget-heading\" data-id=\"f0294fc\" data-element_type=\"widget\" data-e-type=\"widget\" data-widget_type=\"heading.default\">\n\t\t\t\t<div class=\"elementor-widget-container\">\n\t\t\t\t\t<h2 class=\"elementor-heading-title elementor-size-default\">Tillsammans mot best\u00e5ende f\u00f6r\u00e4ndringar<\/h2>\t\t\t\t<\/div>\n\t\t\t\t<\/div>\n\t\t\t\t<div class=\"elementor-element elementor-element-7fab28f elementor-widget elementor-widget-text-editor\" data-id=\"7fab28f\" data-element_type=\"widget\" data-e-type=\"widget\" data-widget_type=\"text-editor.default\">\n\t\t\t\t<div class=\"elementor-widget-container\">\n\t\t\t\t\t<div class=\"bb-theme-elementor-wrap bb-elementor-custom-color bb-elementor-custom-family bb-elementor-custom-size bb-elementor-custom-line-height\">\t\t\t\t<p>Satakunnan Syd\u00e4npiiri har gjort en modellering av samarbetet i anslutning till livsstilshandledningen som beskriver olika akt\u00f6rers roller och funktioner i anslutning till Verkkopuntari-verksamheten.<\/p>\n\t\t\t\t<\/div>\t\t\t\t<\/div>\n\t\t\t\t<\/div>\n\t\t\t\t<div class=\"elementor-element elementor-element-ada0cb8 elementor-widget elementor-widget-button\" data-id=\"ada0cb8\" data-element_type=\"widget\" data-e-type=\"widget\" data-widget_type=\"button.default\">\n\t\t\t\t<div class=\"elementor-widget-container\">\n\t\t\t\t\t\t\t\t\t<div class=\"elementor-button-wrapper\">\n\t\t\t\t\t<a class=\"elementor-button elementor-button-link elementor-size-sm\" href=\"https:\/\/www.verkkopuntari.fi\/wp-content\/uploads\/2024\/03\/Verkkopuntari_samarbetsmodellen_for_livstilshandledning.pdf\">\n\t\t\t\t\t\t<span class=\"elementor-button-content-wrapper\">\n\t\t\t\t\t\t\t\t\t<span class=\"elementor-button-text\">Ladda ner diagram<\/span>\n\t\t\t\t\t<\/span>\n\t\t\t\t\t<\/a>\n\t\t\t\t<\/div>\n\t\t\t\t\t\t\t\t<\/div>\n\t\t\t\t<\/div>\n\t\t\t\t\t<\/div>\n\t\t<\/div>\n\t\t\t\t<div class=\"elementor-column elementor-col-50 elementor-top-column elementor-element elementor-element-b99fa44\" data-id=\"b99fa44\" data-element_type=\"column\" data-e-type=\"column\">\n\t\t\t<div class=\"elementor-widget-wrap elementor-element-populated\">\n\t\t\t\t\t\t<div class=\"elementor-element elementor-element-ca65f98 elementor-widget elementor-widget-image\" data-id=\"ca65f98\" data-element_type=\"widget\" data-e-type=\"widget\" data-widget_type=\"image.default\">\n\t\t\t\t<div class=\"elementor-widget-container\">\n\t\t\t\t\t\t\t\t\t\t\t\t\t\t\t<img loading=\"lazy\" decoding=\"async\" width=\"1208\" height=\"851\" src=\"https:\/\/www.verkkopuntari.fi\/wp-content\/uploads\/2024\/03\/Verkkopuntari_samarbetsmodellen_for_livsstilshandledning.png\" class=\"attachment-full size-full wp-image-65128\" alt=\"\" srcset=\"https:\/\/www.verkkopuntari.fi\/wp-content\/uploads\/2024\/03\/Verkkopuntari_samarbetsmodellen_for_livsstilshandledning.png 1208w, https:\/\/www.verkkopuntari.fi\/wp-content\/uploads\/2024\/03\/Verkkopuntari_samarbetsmodellen_for_livsstilshandledning-300x211.png 300w, https:\/\/www.verkkopuntari.fi\/wp-content\/uploads\/2024\/03\/Verkkopuntari_samarbetsmodellen_for_livsstilshandledning-1024x721.png 1024w, https:\/\/www.verkkopuntari.fi\/wp-content\/uploads\/2024\/03\/Verkkopuntari_samarbetsmodellen_for_livsstilshandledning-768x541.png 768w, https:\/\/www.verkkopuntari.fi\/wp-content\/uploads\/2024\/03\/Verkkopuntari_samarbetsmodellen_for_livsstilshandledning-624x440.png 624w\" sizes=\"(max-width: 1208px) 100vw, 1208px\" \/>\t\t\t\t\t\t\t\t\t\t\t\t\t\t\t<\/div>\n\t\t\t\t<\/div>\n\t\t\t\t\t<\/div>\n\t\t<\/div>\n\t\t\t\t\t<\/div>\n\t\t<\/section>\n\t\t\t\t<\/div>\n\t\t","protected":false},"excerpt":{"rendered":"<p>Verkkopuntari f\u00f6r organisationer Satakunnan Syd\u00e4npiiri st\u00f6der den offentliga sektorns uppgift att st\u00f6da befolkningens h\u00e4lsa och v\u00e4lbefinnande genom att tillhandah\u00e5lla Verkkopuntari-verktyget, dess underh\u00e5ll och st\u00f6d f\u00f6r&hellip;<\/p>\n","protected":false},"author":1626,"featured_media":0,"parent":0,"menu_order":0,"comment_status":"closed","ping_status":"closed","template":"elementor_header_footer","meta":{"_acf_changed":false,"footnotes":""},"class_list":["post-59737","page","type-page","status-publish","hentry"],"acf":[],"_links":{"self":[{"href":"https:\/\/www.verkkopuntari.fi\/sv\/wp-json\/wp\/v2\/pages\/59737","targetHints":{"allow":["GET"]}}],"collection":[{"href":"https:\/\/www.verkkopuntari.fi\/sv\/wp-json\/wp\/v2\/pages"}],"about":[{"href":"https:\/\/www.verkkopuntari.fi\/sv\/wp-json\/wp\/v2\/types\/page"}],"author":[{"embeddable":true,"href":"https:\/\/www.verkkopuntari.fi\/sv\/wp-json\/wp\/v2\/users\/1626"}],"replies":[{"embeddable":true,"href":"https:\/\/www.verkkopuntari.fi\/sv\/wp-json\/wp\/v2\/comments?post=59737"}],"version-history":[{"count":25,"href":"https:\/\/www.verkkopuntari.fi\/sv\/wp-json\/wp\/v2\/pages\/59737\/revisions"}],"predecessor-version":[{"id":65816,"href":"https:\/\/www.verkkopuntari.fi\/sv\/wp-json\/wp\/v2\/pages\/59737\/revisions\/65816"}],"wp:attachment":[{"href":"https:\/\/www.verkkopuntari.fi\/sv\/wp-json\/wp\/v2\/media?parent=59737"}],"curies":[{"name":"wp","href":"https:\/\/api.w.org\/{rel}","templated":true}]}}