{"id":65635,"date":"2024-04-08T09:45:50","date_gmt":"2024-04-08T06:45:50","guid":{"rendered":"https:\/\/www.verkkopuntari.fi\/omaverkkopuntari\/"},"modified":"2025-10-28T14:17:34","modified_gmt":"2025-10-28T12:17:34","slug":"oma","status":"publish","type":"page","link":"https:\/\/www.verkkopuntari.fi\/sv\/oma\/","title":{"rendered":"OmaVerkkopuntari"},"content":{"rendered":"\t\t<div data-elementor-type=\"wp-page\" data-elementor-id=\"65635\" class=\"elementor elementor-65635 elementor-61419\" data-elementor-post-type=\"page\">\n\t\t\t\t\t\t<section class=\"elementor-section elementor-top-section elementor-element elementor-element-c0d1db1 elementor-section-height-min-height elementor-section-content-middle elementor-section-boxed elementor-section-height-default elementor-section-items-middle\" data-id=\"c0d1db1\" data-element_type=\"section\" data-e-type=\"section\" data-settings=\"{&quot;background_background&quot;:&quot;classic&quot;}\">\n\t\t\t\t\t\t\t<div class=\"elementor-background-overlay\"><\/div>\n\t\t\t\t\t\t\t<div class=\"elementor-container elementor-column-gap-no\">\n\t\t\t\t\t<div class=\"elementor-column elementor-col-100 elementor-top-column elementor-element elementor-element-2a1dfa51\" data-id=\"2a1dfa51\" data-element_type=\"column\" data-e-type=\"column\">\n\t\t\t<div class=\"elementor-widget-wrap elementor-element-populated\">\n\t\t\t\t\t\t<div class=\"elementor-element elementor-element-52e08db elementor-widget elementor-widget-heading\" data-id=\"52e08db\" data-element_type=\"widget\" data-e-type=\"widget\" data-widget_type=\"heading.default\">\n\t\t\t\t<div class=\"elementor-widget-container\">\n\t\t\t\t\t<h1 class=\"elementor-heading-title elementor-size-default\">OmaVerkkopuntari<\/h1>\t\t\t\t<\/div>\n\t\t\t\t<\/div>\n\t\t\t\t<div class=\"elementor-element elementor-element-9b48d25 elementor-widget elementor-widget-text-editor\" data-id=\"9b48d25\" data-element_type=\"widget\" data-e-type=\"widget\" data-widget_type=\"text-editor.default\">\n\t\t\t\t<div class=\"elementor-widget-container\">\n\t\t\t\t\t<div class=\"bb-theme-elementor-wrap bb-elementor-custom-color bb-elementor-custom-size bb-elementor-custom-line-height\">\t\t\t\t<p class=\"m_-2009454713485626891has-text-align-left\">Vill du ha st\u00f6d f\u00f6r h\u00e4lsosamma levnadsvanor och viktkontroll utan handledare?<u><\/u><u><\/u><\/p>\n<p class=\"m_-2009454713485626891has-text-align-left\">Kom med i OmaVerkkopuntari, <br \/>ett program f\u00f6r st\u00f6d till best\u00e5ende livsstilsf\u00f6r\u00e4ndringar och viktkontroll.<u><\/u><u><\/u><\/p>\n<p class=\"m_-2009454713485626891has-text-align-left\">Huvudteman \u00e4r n\u00e4ring, motion, resurser och vila.<\/p>\n\t\t\t\t<\/div>\t\t\t\t<\/div>\n\t\t\t\t<\/div>\n\t\t\t\t\t<\/div>\n\t\t<\/div>\n\t\t\t\t\t<\/div>\n\t\t<\/section>\n\t\t\t\t<section class=\"elementor-section elementor-top-section elementor-element elementor-element-275ce651 elementor-section-content-middle elementor-section-boxed elementor-section-height-default elementor-section-height-default\" data-id=\"275ce651\" data-element_type=\"section\" data-e-type=\"section\" data-settings=\"{&quot;background_background&quot;:&quot;classic&quot;}\">\n\t\t\t\t\t\t<div class=\"elementor-container elementor-column-gap-no\">\n\t\t\t\t\t<div class=\"elementor-column elementor-col-100 elementor-top-column elementor-element elementor-element-45719230\" data-id=\"45719230\" data-element_type=\"column\" data-e-type=\"column\">\n\t\t\t<div class=\"elementor-widget-wrap elementor-element-populated\">\n\t\t\t\t\t\t<div class=\"elementor-element elementor-element-4c96df8a elementor-widget elementor-widget-heading\" data-id=\"4c96df8a\" data-element_type=\"widget\" data-e-type=\"widget\" data-widget_type=\"heading.default\">\n\t\t\t\t<div class=\"elementor-widget-container\">\n\t\t\t\t\t<h2 class=\"elementor-heading-title elementor-size-default\">H\u00e4ng med!<\/h2>\t\t\t\t<\/div>\n\t\t\t\t<\/div>\n\t\t\t\t<div class=\"elementor-element elementor-element-206bf820 elementor-widget elementor-widget-text-editor\" data-id=\"206bf820\" data-element_type=\"widget\" data-e-type=\"widget\" data-widget_type=\"text-editor.default\">\n\t\t\t\t<div class=\"elementor-widget-container\">\n\t\t\t\t\t<div class=\"bb-theme-elementor-wrap bb-elementor-custom-color bb-elementor-custom-size bb-elementor-custom-line-height\">\t\t\t\t<p class=\"m_-2009454713485626891has-text-align-left\">Ta steget mot helhetsv\u00e4lbefinnande.<br \/><u><\/u><u><\/u>Programmet \u00e4r avgiftsfri och tillg\u00e4nglig direkt.<\/p>\t\t\t\t<\/div>\t\t\t\t<\/div>\n\t\t\t\t<\/div>\n\t\t\t\t<div class=\"elementor-element elementor-element-7e447782 elementor-align-center stax-condition-yes stax-user_role_enabled-yes elementor-widget elementor-widget-button\" data-id=\"7e447782\" data-element_type=\"widget\" data-e-type=\"widget\" data-widget_type=\"button.default\">\n\t\t\t\t<div class=\"elementor-widget-container\">\n\t\t\t\t\t\t\t\t\t<div class=\"elementor-button-wrapper\">\n\t\t\t\t\t<a class=\"elementor-button elementor-button-link elementor-size-sm elementor-animation-grow\" href=\"https:\/\/www.verkkopuntari.fi\/sv\/rekisteroidy\/\">\n\t\t\t\t\t\t<span class=\"elementor-button-content-wrapper\">\n\t\t\t\t\t\t\t\t\t<span class=\"elementor-button-text\">Registrera dig och b\u00f6rja<\/span>\n\t\t\t\t\t<\/span>\n\t\t\t\t\t<\/a>\n\t\t\t\t<\/div>\n\t\t\t\t\t\t\t\t<\/div>\n\t\t\t\t<\/div>\n\t\t\t\t\t<\/div>\n\t\t<\/div>\n\t\t\t\t\t<\/div>\n\t\t<\/section>\n\t\t\t\t<section class=\"elementor-section elementor-top-section elementor-element elementor-element-e695ac4 elementor-section-boxed elementor-section-height-default elementor-section-height-default\" data-id=\"e695ac4\" data-element_type=\"section\" data-e-type=\"section\">\n\t\t\t\t\t\t<div class=\"elementor-container elementor-column-gap-default\">\n\t\t\t\t\t<div class=\"elementor-column elementor-col-100 elementor-top-column elementor-element elementor-element-e4cdba8\" data-id=\"e4cdba8\" data-element_type=\"column\" data-e-type=\"column\">\n\t\t\t<div class=\"elementor-widget-wrap\">\n\t\t\t\t\t\t\t<\/div>\n\t\t<\/div>\n\t\t\t\t\t<\/div>\n\t\t<\/section>\n\t\t\t\t<section class=\"elementor-section elementor-top-section elementor-element elementor-element-3094d8f elementor-section-boxed elementor-section-height-default elementor-section-height-default\" data-id=\"3094d8f\" data-element_type=\"section\" data-e-type=\"section\">\n\t\t\t\t\t\t<div class=\"elementor-container elementor-column-gap-default\">\n\t\t\t\t\t<div class=\"elementor-column elementor-col-100 elementor-top-column elementor-element elementor-element-341441a\" data-id=\"341441a\" data-element_type=\"column\" data-e-type=\"column\">\n\t\t\t<div class=\"elementor-widget-wrap elementor-element-populated\">\n\t\t\t\t\t\t<div class=\"elementor-element elementor-element-2a53329 elementor-widget elementor-widget-heading\" data-id=\"2a53329\" data-element_type=\"widget\" data-e-type=\"widget\" data-widget_type=\"heading.default\">\n\t\t\t\t<div class=\"elementor-widget-container\">\n\t\t\t\t\t<h2 class=\"elementor-heading-title elementor-size-default\">Skeden i OmaVerkkopuntari<\/h2>\t\t\t\t<\/div>\n\t\t\t\t<\/div>\n\t\t\t\t<div class=\"elementor-element elementor-element-c90972f elementor-widget elementor-widget-image\" data-id=\"c90972f\" data-element_type=\"widget\" data-e-type=\"widget\" data-widget_type=\"image.default\">\n\t\t\t\t<div class=\"elementor-widget-container\">\n\t\t\t\t\t\t\t\t\t\t\t\t\t\t\t<img fetchpriority=\"high\" decoding=\"async\" width=\"640\" height=\"640\" src=\"https:\/\/www.verkkopuntari.fi\/wp-content\/uploads\/2025\/08\/Svenska-Oma-Verkkopuntari-some-1200-x-1200-px-1024x1024.png\" class=\"attachment-large size-large wp-image-74416\" alt=\"Svenska OmaVerkkopuntari\" srcset=\"https:\/\/www.verkkopuntari.fi\/wp-content\/uploads\/2025\/08\/Svenska-Oma-Verkkopuntari-some-1200-x-1200-px-1024x1024.png 1024w, https:\/\/www.verkkopuntari.fi\/wp-content\/uploads\/2025\/08\/Svenska-Oma-Verkkopuntari-some-1200-x-1200-px-300x300.png 300w, https:\/\/www.verkkopuntari.fi\/wp-content\/uploads\/2025\/08\/Svenska-Oma-Verkkopuntari-some-1200-x-1200-px-150x150.png 150w, https:\/\/www.verkkopuntari.fi\/wp-content\/uploads\/2025\/08\/Svenska-Oma-Verkkopuntari-some-1200-x-1200-px-768x768.png 768w, https:\/\/www.verkkopuntari.fi\/wp-content\/uploads\/2025\/08\/Svenska-Oma-Verkkopuntari-some-1200-x-1200-px-1536x1536.png 1536w, https:\/\/www.verkkopuntari.fi\/wp-content\/uploads\/2025\/08\/Svenska-Oma-Verkkopuntari-some-1200-x-1200-px-2048x2048.png 2048w, https:\/\/www.verkkopuntari.fi\/wp-content\/uploads\/2025\/08\/Svenska-Oma-Verkkopuntari-some-1200-x-1200-px-624x624.png 624w\" sizes=\"(max-width: 640px) 100vw, 640px\" \/>\t\t\t\t\t\t\t\t\t\t\t\t\t\t\t<\/div>\n\t\t\t\t<\/div>\n\t\t\t\t\t<\/div>\n\t\t<\/div>\n\t\t\t\t\t<\/div>\n\t\t<\/section>\n\t\t\t\t<section class=\"elementor-section elementor-top-section elementor-element elementor-element-636aa362 elementor-section-content-middle elementor-section-boxed elementor-section-height-default elementor-section-height-default\" data-id=\"636aa362\" data-element_type=\"section\" data-e-type=\"section\">\n\t\t\t\t\t\t<div class=\"elementor-container elementor-column-gap-no\">\n\t\t\t\t\t<div class=\"elementor-column elementor-col-100 elementor-top-column elementor-element elementor-element-11f67879\" data-id=\"11f67879\" data-element_type=\"column\" data-e-type=\"column\">\n\t\t\t<div class=\"elementor-widget-wrap elementor-element-populated\">\n\t\t\t\t\t\t<div class=\"elementor-element elementor-element-b2049 elementor-widget elementor-widget-heading\" data-id=\"b2049\" data-element_type=\"widget\" data-e-type=\"widget\" data-widget_type=\"heading.default\">\n\t\t\t\t<div class=\"elementor-widget-container\">\n\t\t\t\t\t<h2 class=\"elementor-heading-title elementor-size-default\">Vanliga fr\u00e5gor<\/h2>\t\t\t\t<\/div>\n\t\t\t\t<\/div>\n\t\t\t\t\t<\/div>\n\t\t<\/div>\n\t\t\t\t\t<\/div>\n\t\t<\/section>\n\t\t\t\t<section class=\"elementor-section elementor-top-section elementor-element elementor-element-10c9a36 elementor-section-content-middle elementor-section-boxed elementor-section-height-default elementor-section-height-default\" data-id=\"10c9a36\" data-element_type=\"section\" data-e-type=\"section\" data-settings=\"{&quot;background_background&quot;:&quot;classic&quot;}\">\n\t\t\t\t\t\t<div class=\"elementor-container elementor-column-gap-no\">\n\t\t\t\t\t<div class=\"elementor-column elementor-col-100 elementor-top-column elementor-element elementor-element-b5798d3\" data-id=\"b5798d3\" data-element_type=\"column\" data-e-type=\"column\">\n\t\t\t<div class=\"elementor-widget-wrap elementor-element-populated\">\n\t\t\t\t\t\t<section class=\"elementor-section elementor-inner-section elementor-element elementor-element-429b98fe elementor-section-content-top elementor-section-boxed elementor-section-height-default elementor-section-height-default\" data-id=\"429b98fe\" data-element_type=\"section\" data-e-type=\"section\">\n\t\t\t\t\t\t<div class=\"elementor-container elementor-column-gap-no\">\n\t\t\t\t\t<div class=\"elementor-column elementor-col-33 elementor-inner-column elementor-element elementor-element-76490d03\" data-id=\"76490d03\" data-element_type=\"column\" data-e-type=\"column\">\n\t\t\t<div class=\"elementor-widget-wrap elementor-element-populated\">\n\t\t\t\t\t\t<div class=\"elementor-element elementor-element-7e1e5997 elementor-widget elementor-widget-heading\" data-id=\"7e1e5997\" data-element_type=\"widget\" data-e-type=\"widget\" data-widget_type=\"heading.default\">\n\t\t\t\t<div class=\"elementor-widget-container\">\n\t\t\t\t\t<h4 class=\"elementor-heading-title elementor-size-default\">F\u00f6r vem passar OmaVerkkopuntari och vad f\u00f6ruts\u00e4tts av deltagaren?<\/h4>\t\t\t\t<\/div>\n\t\t\t\t<\/div>\n\t\t\t\t<div class=\"elementor-element elementor-element-24cae449 elementor-widget elementor-widget-text-editor\" data-id=\"24cae449\" data-element_type=\"widget\" data-e-type=\"widget\" data-widget_type=\"text-editor.default\">\n\t\t\t\t<div class=\"elementor-widget-container\">\n\t\t\t\t\t\t\t\t\t<p class=\"m_-2009454713485626891has-text-align-left\">OmaVerkkopuntari passar dig om du k\u00e4nner ett behov av att \u00e4ndra dina levnadsvanor, \u00e4r beredd att g\u00e5 fr\u00e5n ord till handling, \u00e4r tillr\u00e4ckligt positiv till teknik och har tid f\u00f6r sj\u00e4lvst\u00e4ndigt arbete p\u00e5 n\u00e4tet.<u><\/u><u><\/u><\/p><p class=\"m_-2009454713485626891has-text-align-left\">Du beh\u00f6ver en enhet f\u00f6r att delta och en internetanslutning. Man kan ocks\u00e5 delta med en mobil enhet.<u><\/u><u><\/u><\/p><p class=\"m_-2009454713485626891has-text-align-left\">En tillr\u00e4ckligt stabil livssituation \u00e4r till f\u00f6rdel, eftersom webbkursen kr\u00e4ver tid. \u00c5 andra sidan kan \u00e4ven en liten f\u00f6r\u00e4ndring i vardagen s\u00e4tta ig\u00e5ng en god cirkel.<u><\/u><u><\/u><\/p><p class=\"m_-2009454713485626891has-text-align-left\">Observera att f\u00f6r att f\u00e5 till st\u00e5nd f\u00f6r\u00e4ndringar med st\u00f6d av programmet OmaVerkkopuntari kr\u00e4vs att du engagerar dig till b\u00e5de en livsstilsf\u00f6r\u00e4ndring och sj\u00e4lvst\u00e4ndigt deltagande p\u00e5 n\u00e4tet. Att delta p\u00e5 n\u00e4tet inneb\u00e4r till exempel att veckovis bekanta sig med nya inneh\u00e5ll och reflektera \u00f6ver uppgifter som st\u00f6djer f\u00f6r\u00e4ndringar.<\/p>\t\t\t\t\t\t\t\t<\/div>\n\t\t\t\t<\/div>\n\t\t\t\t\t<\/div>\n\t\t<\/div>\n\t\t\t\t<div class=\"elementor-column elementor-col-33 elementor-inner-column elementor-element elementor-element-fc7c7e9\" data-id=\"fc7c7e9\" data-element_type=\"column\" data-e-type=\"column\">\n\t\t\t<div class=\"elementor-widget-wrap elementor-element-populated\">\n\t\t\t\t\t\t<div class=\"elementor-element elementor-element-6b71f5a5 elementor-widget elementor-widget-heading\" data-id=\"6b71f5a5\" data-element_type=\"widget\" data-e-type=\"widget\" data-widget_type=\"heading.default\">\n\t\t\t\t<div class=\"elementor-widget-container\">\n\t\t\t\t\t<h4 class=\"elementor-heading-title elementor-size-default\">Vad ing\u00e5r i OmaVerkkopuntari?<\/h4>\t\t\t\t<\/div>\n\t\t\t\t<\/div>\n\t\t\t\t<div class=\"elementor-element elementor-element-625b009b elementor-widget elementor-widget-text-editor\" data-id=\"625b009b\" data-element_type=\"widget\" data-e-type=\"widget\" data-widget_type=\"text-editor.default\">\n\t\t\t\t<div class=\"elementor-widget-container\">\n\t\t\t\t\t\t\t\t\t<p class=\"m_-2009454713485626891has-text-align-left\">OmaVerkkopuntari \u00e4r ett \u00e5rsprogram vars huvudteman \u00e4r n\u00e4ring, motion, resurser och vila. Deltagandet sker p\u00e5 n\u00e4tet.<u><\/u><u><\/u><\/p><p class=\"m_-2009454713485626891has-text-align-left\">Under OmaVerkkopuntaris 11 veckors inledningsfas \u00f6ppnas veckovis nytt inneh\u00e5ll som inneh\u00e5ller information och uppgifter f\u00f6r att st\u00f6dja livsstilsf\u00f6r\u00e4ndringar och motivation, motion och tips om olika l\u00e4nkar.<u><\/u><u><\/u><\/p><p class=\"m_-2009454713485626891has-text-align-left\">Efter inledningsfasen b\u00f6rjar underh\u00e5llsfasen, varefter deltagaren varje vecka f\u00e5r en m\u00e5natlig utmaning med ett tema som st\u00f6djer en f\u00f6r\u00e4ndring.<\/p>\t\t\t\t\t\t\t\t<\/div>\n\t\t\t\t<\/div>\n\t\t\t\t\t<\/div>\n\t\t<\/div>\n\t\t\t\t<div class=\"elementor-column elementor-col-33 elementor-inner-column elementor-element elementor-element-fdd9fcc\" data-id=\"fdd9fcc\" data-element_type=\"column\" data-e-type=\"column\">\n\t\t\t<div class=\"elementor-widget-wrap elementor-element-populated\">\n\t\t\t\t\t\t<div class=\"elementor-element elementor-element-fbbe39e elementor-widget elementor-widget-heading\" data-id=\"fbbe39e\" data-element_type=\"widget\" data-e-type=\"widget\" data-widget_type=\"heading.default\">\n\t\t\t\t<div class=\"elementor-widget-container\">\n\t\t\t\t\t<h4 class=\"elementor-heading-title elementor-size-default\">Hur mycket kostar det att delta i OmaVerkkopuntari?<\/h4>\t\t\t\t<\/div>\n\t\t\t\t<\/div>\n\t\t\t\t<div class=\"elementor-element elementor-element-fe17abf elementor-widget elementor-widget-text-editor\" data-id=\"fe17abf\" data-element_type=\"widget\" data-e-type=\"widget\" data-widget_type=\"text-editor.default\">\n\t\t\t\t<div class=\"elementor-widget-container\">\n\t\t\t\t\t\t\t\t\t<p class=\"m_-2009454713485626891has-text-align-left\">Att delta \u00e4r avgiftsfritt. OmaVerkkopuntaris administrat\u00f6r Satakunnan syd\u00e4npiiri ry uppr\u00e4tth\u00e5ller programmet med hj\u00e4lp av verksamhetsbidrag fr\u00e5n social- och h\u00e4lsoorganisationernas underst\u00f6dscentral STEA.<\/p>\n\t\t\t\t\t\t\t\t<\/div>\n\t\t\t\t<\/div>\n\t\t\t\t\t<\/div>\n\t\t<\/div>\n\t\t\t\t\t<\/div>\n\t\t<\/section>\n\t\t\t\t<div class=\"elementor-element elementor-element-2e8e884 elementor-align-center stax-condition-yes stax-user_role_enabled-yes elementor-widget elementor-widget-button\" data-id=\"2e8e884\" data-element_type=\"widget\" data-e-type=\"widget\" data-widget_type=\"button.default\">\n\t\t\t\t<div class=\"elementor-widget-container\">\n\t\t\t\t\t\t\t\t\t<div class=\"elementor-button-wrapper\">\n\t\t\t\t\t<a class=\"elementor-button elementor-button-link elementor-size-sm elementor-animation-grow\" href=\"https:\/\/www.verkkopuntari.fi\/sv\/rekisteroidy\/\">\n\t\t\t\t\t\t<span class=\"elementor-button-content-wrapper\">\n\t\t\t\t\t\t\t\t\t<span class=\"elementor-button-text\">Registrera dig och b\u00f6rja<\/span>\n\t\t\t\t\t<\/span>\n\t\t\t\t\t<\/a>\n\t\t\t\t<\/div>\n\t\t\t\t\t\t\t\t<\/div>\n\t\t\t\t<\/div>\n\t\t\t\t\t<\/div>\n\t\t<\/div>\n\t\t\t\t\t<\/div>\n\t\t<\/section>\n\t\t\t\t<section class=\"elementor-section elementor-top-section elementor-element elementor-element-c4e9c9c elementor-section-boxed elementor-section-height-default elementor-section-height-default\" data-id=\"c4e9c9c\" data-element_type=\"section\" data-e-type=\"section\">\n\t\t\t\t\t\t<div class=\"elementor-container elementor-column-gap-default\">\n\t\t\t\t\t<div class=\"elementor-column elementor-col-100 elementor-top-column elementor-element elementor-element-5e28423\" data-id=\"5e28423\" data-element_type=\"column\" data-e-type=\"column\">\n\t\t\t<div class=\"elementor-widget-wrap elementor-element-populated\">\n\t\t\t\t\t\t<div class=\"elementor-element elementor-element-f322867 elementor-widget elementor-widget-heading\" data-id=\"f322867\" data-element_type=\"widget\" data-e-type=\"widget\" data-widget_type=\"heading.default\">\n\t\t\t\t<div class=\"elementor-widget-container\">\n\t\t\t\t\t<h2 class=\"elementor-heading-title elementor-size-default\"><br>\nEller beh\u00f6ver du st\u00f6d av en handledare? <\/h2>\t\t\t\t<\/div>\n\t\t\t\t<\/div>\n\t\t\t\t\t<\/div>\n\t\t<\/div>\n\t\t\t\t\t<\/div>\n\t\t<\/section>\n\t\t\t\t<section class=\"elementor-section elementor-top-section elementor-element elementor-element-3c8140f elementor-section-boxed elementor-section-height-default elementor-section-height-default\" data-id=\"3c8140f\" data-element_type=\"section\" data-e-type=\"section\">\n\t\t\t\t\t\t<div class=\"elementor-container elementor-column-gap-default\">\n\t\t\t\t\t<div class=\"elementor-column elementor-col-100 elementor-top-column elementor-element elementor-element-9e50ea9\" data-id=\"9e50ea9\" data-element_type=\"column\" data-e-type=\"column\">\n\t\t\t<div class=\"elementor-widget-wrap elementor-element-populated\">\n\t\t\t\t\t\t<div class=\"elementor-element elementor-element-e8d668c elementor-widget elementor-widget-text-editor\" data-id=\"e8d668c\" data-element_type=\"widget\" data-e-type=\"widget\" data-widget_type=\"text-editor.default\">\n\t\t\t\t<div class=\"elementor-widget-container\">\n\t\t\t\t\t\t\t\t\t<p>Om du k\u00e4nner att du skulle dra mer nytta av Verkkopuntari med en handledare inblandad, g\u00e5 vidare f\u00f6r att l\u00e4sa mer via knappen nedan.<\/p>\n\t\t\t\t\t\t\t\t<\/div>\n\t\t\t\t<\/div>\n\t\t\t\t\t<\/div>\n\t\t<\/div>\n\t\t\t\t\t<\/div>\n\t\t<\/section>\n\t\t\t\t<section class=\"elementor-section elementor-top-section elementor-element elementor-element-c8c4116 elementor-section-boxed elementor-section-height-default elementor-section-height-default\" data-id=\"c8c4116\" data-element_type=\"section\" data-e-type=\"section\">\n\t\t\t\t\t\t<div class=\"elementor-container elementor-column-gap-default\">\n\t\t\t\t\t<div class=\"elementor-column elementor-col-100 elementor-top-column elementor-element elementor-element-328be3e\" data-id=\"328be3e\" data-element_type=\"column\" data-e-type=\"column\">\n\t\t\t<div class=\"elementor-widget-wrap elementor-element-populated\">\n\t\t\t\t\t\t<div class=\"elementor-element elementor-element-c3bbc55 elementor-align-center elementor-widget elementor-widget-button\" data-id=\"c3bbc55\" data-element_type=\"widget\" data-e-type=\"widget\" data-widget_type=\"button.default\">\n\t\t\t\t<div class=\"elementor-widget-container\">\n\t\t\t\t\t\t\t\t\t<div class=\"elementor-button-wrapper\">\n\t\t\t\t\t<a class=\"elementor-button elementor-button-link elementor-size-xs\" href=\"https:\/\/www.verkkopuntari.fi\/sv\/handledd-verkkopuntari\/\">\n\t\t\t\t\t\t<span class=\"elementor-button-content-wrapper\">\n\t\t\t\t\t\t\t\t\t<span class=\"elementor-button-text\">Bekanta dig med den handledda Verkkopuntari<\/span>\n\t\t\t\t\t<\/span>\n\t\t\t\t\t<\/a>\n\t\t\t\t<\/div>\n\t\t\t\t\t\t\t\t<\/div>\n\t\t\t\t<\/div>\n\t\t\t\t\t<\/div>\n\t\t<\/div>\n\t\t\t\t\t<\/div>\n\t\t<\/section>\n\t\t\t\t<\/div>\n\t\t","protected":false},"excerpt":{"rendered":"<p>OmaVerkkopuntari Vill du ha st\u00f6d f\u00f6r h\u00e4lsosamma levnadsvanor och viktkontroll utan handledare? Kom med i OmaVerkkopuntari, ett program f\u00f6r st\u00f6d till best\u00e5ende livsstilsf\u00f6r\u00e4ndringar och viktkontroll.&hellip;<\/p>\n","protected":false},"author":1,"featured_media":0,"parent":0,"menu_order":0,"comment_status":"closed","ping_status":"closed","template":"elementor_header_footer","meta":{"_acf_changed":false,"footnotes":""},"class_list":["post-65635","page","type-page","status-publish","hentry"],"acf":[],"_links":{"self":[{"href":"https:\/\/www.verkkopuntari.fi\/sv\/wp-json\/wp\/v2\/pages\/65635","targetHints":{"allow":["GET"]}}],"collection":[{"href":"https:\/\/www.verkkopuntari.fi\/sv\/wp-json\/wp\/v2\/pages"}],"about":[{"href":"https:\/\/www.verkkopuntari.fi\/sv\/wp-json\/wp\/v2\/types\/page"}],"author":[{"embeddable":true,"href":"https:\/\/www.verkkopuntari.fi\/sv\/wp-json\/wp\/v2\/users\/1"}],"replies":[{"embeddable":true,"href":"https:\/\/www.verkkopuntari.fi\/sv\/wp-json\/wp\/v2\/comments?post=65635"}],"version-history":[{"count":21,"href":"https:\/\/www.verkkopuntari.fi\/sv\/wp-json\/wp\/v2\/pages\/65635\/revisions"}],"predecessor-version":[{"id":76045,"href":"https:\/\/www.verkkopuntari.fi\/sv\/wp-json\/wp\/v2\/pages\/65635\/revisions\/76045"}],"wp:attachment":[{"href":"https:\/\/www.verkkopuntari.fi\/sv\/wp-json\/wp\/v2\/media?parent=65635"}],"curies":[{"name":"wp","href":"https:\/\/api.w.org\/{rel}","templated":true}]}}