{"id":65639,"date":"2024-04-08T09:53:00","date_gmt":"2024-04-08T06:53:00","guid":{"rendered":"https:\/\/www.verkkopuntari.fi\/handledd-verkkopuntari\/"},"modified":"2024-04-10T15:24:18","modified_gmt":"2024-04-10T12:24:18","slug":"handledd-verkkopuntari","status":"publish","type":"page","link":"https:\/\/www.verkkopuntari.fi\/sv\/handledd-verkkopuntari\/","title":{"rendered":"Handledd Verkkopuntari"},"content":{"rendered":"\t\t<div data-elementor-type=\"wp-page\" data-elementor-id=\"65639\" class=\"elementor elementor-65639 elementor-61586\" data-elementor-post-type=\"page\">\n\t\t\t\t\t\t<section class=\"elementor-section elementor-top-section elementor-element elementor-element-c0d1db1 elementor-section-height-min-height elementor-section-content-middle elementor-section-boxed elementor-section-height-default elementor-section-items-middle\" data-id=\"c0d1db1\" data-element_type=\"section\" data-e-type=\"section\" data-settings=\"{&quot;background_background&quot;:&quot;classic&quot;}\">\n\t\t\t\t\t\t\t<div class=\"elementor-background-overlay\"><\/div>\n\t\t\t\t\t\t\t<div class=\"elementor-container elementor-column-gap-no\">\n\t\t\t\t\t<div class=\"elementor-column elementor-col-100 elementor-top-column elementor-element elementor-element-2a1dfa51\" data-id=\"2a1dfa51\" data-element_type=\"column\" data-e-type=\"column\">\n\t\t\t<div class=\"elementor-widget-wrap elementor-element-populated\">\n\t\t\t\t\t\t<div class=\"elementor-element elementor-element-52e08db elementor-widget elementor-widget-heading\" data-id=\"52e08db\" data-element_type=\"widget\" data-e-type=\"widget\" data-widget_type=\"heading.default\">\n\t\t\t\t<div class=\"elementor-widget-container\">\n\t\t\t\t\t<h1 class=\"elementor-heading-title elementor-size-default\">Handledd Verkkopuntari<\/h1>\t\t\t\t<\/div>\n\t\t\t\t<\/div>\n\t\t\t\t<div class=\"elementor-element elementor-element-9b48d25 elementor-widget elementor-widget-text-editor\" data-id=\"9b48d25\" data-element_type=\"widget\" data-e-type=\"widget\" data-widget_type=\"text-editor.default\">\n\t\t\t\t<div class=\"elementor-widget-container\">\n\t\t\t\t\t<div class=\"bb-theme-elementor-wrap bb-elementor-custom-color bb-elementor-custom-size bb-elementor-custom-line-height\">\t\t\t\t<p>I den handledda n\u00e4tcoachingen ing\u00e5r st\u00f6d av en egen handledare. Du kan genomf\u00f6ra den handledda Verkkopuntari i grupp eller individuellt. <\/p>\n\t\t\t\t<\/div>\t\t\t\t<\/div>\n\t\t\t\t<\/div>\n\t\t\t\t\t<\/div>\n\t\t<\/div>\n\t\t\t\t\t<\/div>\n\t\t<\/section>\n\t\t\t\t<section class=\"elementor-section elementor-top-section elementor-element elementor-element-7b2812fa elementor-section-content-middle elementor-section-boxed elementor-section-height-default elementor-section-height-default\" data-id=\"7b2812fa\" data-element_type=\"section\" data-e-type=\"section\">\n\t\t\t\t\t\t<div class=\"elementor-container elementor-column-gap-no\">\n\t\t\t\t\t<div class=\"elementor-column elementor-col-100 elementor-top-column elementor-element elementor-element-b52ed01\" data-id=\"b52ed01\" data-element_type=\"column\" data-e-type=\"column\">\n\t\t\t<div class=\"elementor-widget-wrap elementor-element-populated\">\n\t\t\t\t\t\t<div class=\"elementor-element elementor-element-55ceabaa elementor-cta--layout-image-right elementor-cta--valign-middle elementor-cta--skin-classic elementor-animated-content elementor-bg-transform elementor-bg-transform-zoom-in elementor-widget elementor-widget-call-to-action\" data-id=\"55ceabaa\" data-element_type=\"widget\" data-e-type=\"widget\" data-widget_type=\"call-to-action.default\">\n\t\t\t\t<div class=\"elementor-widget-container\">\n\t\t\t\t\t\t\t<div class=\"elementor-cta\">\n\t\t\t\t\t<div class=\"elementor-cta__bg-wrapper\">\n\t\t\t\t<div class=\"elementor-cta__bg elementor-bg\" style=\"background-image: url(https:\/\/www.verkkopuntari.fi\/wp-content\/uploads\/2022\/04\/Verkkopuntari_kuva1.jpg);\" role=\"img\" aria-label=\"Verkkopuntari_kuva1\"><\/div>\n\t\t\t\t<div class=\"elementor-cta__bg-overlay\"><\/div>\n\t\t\t<\/div>\n\t\t\t\t\t\t\t<div class=\"elementor-cta__content\">\n\t\t\t\t\n\t\t\t\t\t\t\t\t\t<h2 class=\"elementor-cta__title elementor-cta__content-item elementor-content-item\">\n\t\t\t\t\t\tGruppcoaching\t\t\t\t\t<\/h2>\n\t\t\t\t\n\t\t\t\t\t\t\t\t\t<div class=\"elementor-cta__description elementor-cta__content-item elementor-content-item\">\n\t\t\t\t\t\t<p>Du deltar i gruppcoachingen tillsammans med din egen grupp \u00c4ven om verksamheten \u00e4r gruppbaserad har deltagarna samtidigt m\u00f6jlighet till individuell handledning via n\u00e4tet.<\/p>\n<p>Under gruppcoachingen tr\u00e4ffas gruppen och deras handledare enligt \u00f6verenskommelse. Vissa grupper tr\u00e4ffas helt p\u00e5 distans medan andra grupper \u00e4ven tr\u00e4ffas ansikte mot ansikte.<\/p>\n\t\t\t\t\t<\/div>\n\t\t\t\t\n\t\t\t\t\t\t\t<\/div>\n\t\t\t\t\t\t<\/div>\n\t\t\t\t\t\t<\/div>\n\t\t\t\t<\/div>\n\t\t\t\t<div class=\"elementor-element elementor-element-3d9fe6d elementor-cta--layout-image-left elementor-cta--valign-middle elementor-cta--skin-classic elementor-animated-content elementor-bg-transform elementor-bg-transform-zoom-in elementor-widget elementor-widget-call-to-action\" data-id=\"3d9fe6d\" data-element_type=\"widget\" data-e-type=\"widget\" data-widget_type=\"call-to-action.default\">\n\t\t\t\t<div class=\"elementor-widget-container\">\n\t\t\t\t\t\t\t<div class=\"elementor-cta\">\n\t\t\t\t\t<div class=\"elementor-cta__bg-wrapper\">\n\t\t\t\t<div class=\"elementor-cta__bg elementor-bg\" style=\"background-image: url(https:\/\/www.verkkopuntari.fi\/wp-content\/uploads\/2021\/03\/untitled-15.jpg);\" role=\"img\" aria-label=\"Henkil\u00f6 istuu portailla ja vet\u00e4\u00e4 lenkkikenki\u00e4 jalkaan.\"><\/div>\n\t\t\t\t<div class=\"elementor-cta__bg-overlay\"><\/div>\n\t\t\t<\/div>\n\t\t\t\t\t\t\t<div class=\"elementor-cta__content\">\n\t\t\t\t\n\t\t\t\t\t\t\t\t\t<h2 class=\"elementor-cta__title elementor-cta__content-item elementor-content-item\">\n\t\t\t\t\t\tIndividuell coaching\t\t\t\t\t<\/h2>\n\t\t\t\t\n\t\t\t\t\t\t\t\t\t<div class=\"elementor-cta__description elementor-cta__content-item elementor-content-item\">\n\t\t\t\t\t\t<p>I den individuella coachingen deltar deltagaren och en handledare. I den individuella coachingen finns det m\u00f6jlighet till handledning via n\u00e4tet. <\/p>\n<p>I den individuella coachingen kommer deltagaren och handledaren \u00f6verens tillsammans om m\u00f6tena sker p\u00e5 distans eller om det \u00e4ven ing\u00e5r m\u00f6ten ansikte mot ansikte. <\/p>\n\t\t\t\t\t<\/div>\n\t\t\t\t\n\t\t\t\t\t\t\t<\/div>\n\t\t\t\t\t\t<\/div>\n\t\t\t\t\t\t<\/div>\n\t\t\t\t<\/div>\n\t\t\t\t\t<\/div>\n\t\t<\/div>\n\t\t\t\t\t<\/div>\n\t\t<\/section>\n\t\t\t\t<section class=\"elementor-section elementor-top-section elementor-element elementor-element-6d73e188 elementor-section-content-middle elementor-section-boxed elementor-section-height-default elementor-section-height-default\" data-id=\"6d73e188\" data-element_type=\"section\" data-e-type=\"section\">\n\t\t\t\t\t\t<div class=\"elementor-container elementor-column-gap-no\">\n\t\t\t\t\t<div class=\"elementor-column elementor-col-100 elementor-top-column elementor-element elementor-element-1d187e5e\" data-id=\"1d187e5e\" data-element_type=\"column\" data-e-type=\"column\">\n\t\t\t<div class=\"elementor-widget-wrap elementor-element-populated\">\n\t\t\t\t\t\t<section class=\"elementor-section elementor-inner-section elementor-element elementor-element-4ab92bdc elementor-section-content-middle elementor-section-boxed elementor-section-height-default elementor-section-height-default\" data-id=\"4ab92bdc\" data-element_type=\"section\" data-e-type=\"section\">\n\t\t\t\t\t\t<div class=\"elementor-container elementor-column-gap-no\">\n\t\t\t\t\t<div class=\"elementor-column elementor-col-50 elementor-inner-column elementor-element elementor-element-5f3e1947\" data-id=\"5f3e1947\" data-element_type=\"column\" data-e-type=\"column\">\n\t\t\t<div class=\"elementor-widget-wrap elementor-element-populated\">\n\t\t\t\t\t\t<div class=\"elementor-element elementor-element-6a1d0b0c elementor-widget elementor-widget-image\" data-id=\"6a1d0b0c\" data-element_type=\"widget\" data-e-type=\"widget\" data-widget_type=\"image.default\">\n\t\t\t\t<div class=\"elementor-widget-container\">\n\t\t\t\t\t\t\t\t\t\t\t\t\t\t\t<img fetchpriority=\"high\" decoding=\"async\" width=\"640\" height=\"369\" src=\"https:\/\/www.verkkopuntari.fi\/wp-content\/uploads\/2023\/12\/Vag-1-1024x591.jpg\" class=\"attachment-large size-large wp-image-63477\" alt=\"V\u00e4g (grupper)\" srcset=\"https:\/\/www.verkkopuntari.fi\/wp-content\/uploads\/2023\/12\/Vag-1-1024x591.jpg 1024w, https:\/\/www.verkkopuntari.fi\/wp-content\/uploads\/2023\/12\/Vag-1-300x173.jpg 300w, https:\/\/www.verkkopuntari.fi\/wp-content\/uploads\/2023\/12\/Vag-1-768x443.jpg 768w, https:\/\/www.verkkopuntari.fi\/wp-content\/uploads\/2023\/12\/Vag-1-1536x886.jpg 1536w, https:\/\/www.verkkopuntari.fi\/wp-content\/uploads\/2023\/12\/Vag-1-624x360.jpg 624w, https:\/\/www.verkkopuntari.fi\/wp-content\/uploads\/2023\/12\/Vag-1.jpg 2000w\" sizes=\"(max-width: 640px) 100vw, 640px\" \/>\t\t\t\t\t\t\t\t\t\t\t\t\t\t\t<\/div>\n\t\t\t\t<\/div>\n\t\t\t\t\t<\/div>\n\t\t<\/div>\n\t\t\t\t<div class=\"elementor-column elementor-col-50 elementor-inner-column elementor-element elementor-element-6646e759\" data-id=\"6646e759\" data-element_type=\"column\" data-e-type=\"column\">\n\t\t\t<div class=\"elementor-widget-wrap elementor-element-populated\">\n\t\t\t\t\t\t<div class=\"elementor-element elementor-element-2ea5ac28 elementor-widget elementor-widget-heading\" data-id=\"2ea5ac28\" data-element_type=\"widget\" data-e-type=\"widget\" data-widget_type=\"heading.default\">\n\t\t\t\t<div class=\"elementor-widget-container\">\n\t\t\t\t\t<h2 class=\"elementor-heading-title elementor-size-default\">F\u00f6rloppet i gruppcoaching<\/h2>\t\t\t\t<\/div>\n\t\t\t\t<\/div>\n\t\t\t\t<div class=\"elementor-element elementor-element-3de160c6 elementor-widget elementor-widget-text-editor\" data-id=\"3de160c6\" data-element_type=\"widget\" data-e-type=\"widget\" data-widget_type=\"text-editor.default\">\n\t\t\t\t<div class=\"elementor-widget-container\">\n\t\t\t\t\t<div class=\"bb-theme-elementor-wrap bb-elementor-custom-size bb-elementor-custom-line-height\">\t\t\t\t<p>F\u00f6rutom n\u00e4tmaterialet inneh\u00e5ller gruppcoachningen ocks\u00e5 m\u00f6jlighet till individuella handledningssamtal och kamratst\u00f6d inom gruppen. <\/p>\n\t\t\t\t<\/div>\t\t\t\t<\/div>\n\t\t\t\t<\/div>\n\t\t\t\t\t<\/div>\n\t\t<\/div>\n\t\t\t\t\t<\/div>\n\t\t<\/section>\n\t\t\t\t<section class=\"elementor-section elementor-inner-section elementor-element elementor-element-51c49480 elementor-section-content-middle elementor-reverse-mobile elementor-section-boxed elementor-section-height-default elementor-section-height-default\" data-id=\"51c49480\" data-element_type=\"section\" data-e-type=\"section\">\n\t\t\t\t\t\t<div class=\"elementor-container elementor-column-gap-no\">\n\t\t\t\t\t<div class=\"elementor-column elementor-col-50 elementor-inner-column elementor-element elementor-element-7dc884f1\" data-id=\"7dc884f1\" data-element_type=\"column\" data-e-type=\"column\">\n\t\t\t<div class=\"elementor-widget-wrap elementor-element-populated\">\n\t\t\t\t\t\t<div class=\"elementor-element elementor-element-70683f5d elementor-widget elementor-widget-heading\" data-id=\"70683f5d\" data-element_type=\"widget\" data-e-type=\"widget\" data-widget_type=\"heading.default\">\n\t\t\t\t<div class=\"elementor-widget-container\">\n\t\t\t\t\t<h2 class=\"elementor-heading-title elementor-size-default\">Den individuella coachingens f\u00f6rlopp<\/h2>\t\t\t\t<\/div>\n\t\t\t\t<\/div>\n\t\t\t\t<div class=\"elementor-element elementor-element-7f2fa4c2 elementor-widget elementor-widget-text-editor\" data-id=\"7f2fa4c2\" data-element_type=\"widget\" data-e-type=\"widget\" data-widget_type=\"text-editor.default\">\n\t\t\t\t<div class=\"elementor-widget-container\">\n\t\t\t\t\t<div class=\"bb-theme-elementor-wrap bb-elementor-custom-size bb-elementor-custom-line-height\">\t\t\t\t<p>I den individuella coachingen deltar f\u00f6rutom deltagaren \u00e4ven en handledare. <\/p>\n\t\t\t\t<\/div>\t\t\t\t<\/div>\n\t\t\t\t<\/div>\n\t\t\t\t\t<\/div>\n\t\t<\/div>\n\t\t\t\t<div class=\"elementor-column elementor-col-50 elementor-inner-column elementor-element elementor-element-50e03b3\" data-id=\"50e03b3\" data-element_type=\"column\" data-e-type=\"column\">\n\t\t\t<div class=\"elementor-widget-wrap elementor-element-populated\">\n\t\t\t\t\t\t<div class=\"elementor-element elementor-element-54a133c3 elementor-widget elementor-widget-image\" data-id=\"54a133c3\" data-element_type=\"widget\" data-e-type=\"widget\" data-widget_type=\"image.default\">\n\t\t\t\t<div class=\"elementor-widget-container\">\n\t\t\t\t\t\t\t\t\t\t\t\t\t\t\t<img decoding=\"async\" width=\"640\" height=\"369\" src=\"https:\/\/www.verkkopuntari.fi\/wp-content\/uploads\/2024\/04\/Vag-individer-1024x591.png\" class=\"attachment-large size-large wp-image-65706\" alt=\"\" srcset=\"https:\/\/www.verkkopuntari.fi\/wp-content\/uploads\/2024\/04\/Vag-individer-1024x591.png 1024w, https:\/\/www.verkkopuntari.fi\/wp-content\/uploads\/2024\/04\/Vag-individer-300x173.png 300w, https:\/\/www.verkkopuntari.fi\/wp-content\/uploads\/2024\/04\/Vag-individer-768x443.png 768w, https:\/\/www.verkkopuntari.fi\/wp-content\/uploads\/2024\/04\/Vag-individer-1536x886.png 1536w, https:\/\/www.verkkopuntari.fi\/wp-content\/uploads\/2024\/04\/Vag-individer-2048x1182.png 2048w, https:\/\/www.verkkopuntari.fi\/wp-content\/uploads\/2024\/04\/Vag-individer-624x360.png 624w\" sizes=\"(max-width: 640px) 100vw, 640px\" \/>\t\t\t\t\t\t\t\t\t\t\t\t\t\t\t<\/div>\n\t\t\t\t<\/div>\n\t\t\t\t\t<\/div>\n\t\t<\/div>\n\t\t\t\t\t<\/div>\n\t\t<\/section>\n\t\t\t\t\t<\/div>\n\t\t<\/div>\n\t\t\t\t\t<\/div>\n\t\t<\/section>\n\t\t\t\t<section class=\"elementor-section elementor-top-section elementor-element elementor-element-275ce651 elementor-section-content-middle elementor-section-boxed elementor-section-height-default elementor-section-height-default\" data-id=\"275ce651\" data-element_type=\"section\" data-e-type=\"section\" data-settings=\"{&quot;background_background&quot;:&quot;classic&quot;}\">\n\t\t\t\t\t\t<div class=\"elementor-container elementor-column-gap-no\">\n\t\t\t\t\t<div class=\"elementor-column elementor-col-100 elementor-top-column elementor-element elementor-element-45719230\" data-id=\"45719230\" data-element_type=\"column\" data-e-type=\"column\">\n\t\t\t<div class=\"elementor-widget-wrap elementor-element-populated\">\n\t\t\t\t\t\t<div class=\"elementor-element elementor-element-4c96df8a elementor-widget elementor-widget-heading\" data-id=\"4c96df8a\" data-element_type=\"widget\" data-e-type=\"widget\" data-widget_type=\"heading.default\">\n\t\t\t\t<div class=\"elementor-widget-container\">\n\t\t\t\t\t<h2 class=\"elementor-heading-title elementor-size-default\">H\u00e4ng med!<\/h2>\t\t\t\t<\/div>\n\t\t\t\t<\/div>\n\t\t\t\t<div class=\"elementor-element elementor-element-206bf820 elementor-widget elementor-widget-text-editor\" data-id=\"206bf820\" data-element_type=\"widget\" data-e-type=\"widget\" data-widget_type=\"text-editor.default\">\n\t\t\t\t<div class=\"elementor-widget-container\">\n\t\t\t\t\t<div class=\"bb-theme-elementor-wrap bb-elementor-custom-color bb-elementor-custom-size bb-elementor-custom-line-height\">\t\t\t\t<p>Se om det finns Verkkopuntari-verksamhet i ditt omr\u00e5de.<\/p>\n\t\t\t\t<\/div>\t\t\t\t<\/div>\n\t\t\t\t<\/div>\n\t\t\t\t<div class=\"elementor-element elementor-element-7e447782 elementor-align-center elementor-widget elementor-widget-button\" data-id=\"7e447782\" data-element_type=\"widget\" data-e-type=\"widget\" data-widget_type=\"button.default\">\n\t\t\t\t<div class=\"elementor-widget-container\">\n\t\t\t\t\t\t\t\t\t<div class=\"elementor-button-wrapper\">\n\t\t\t\t\t<a class=\"elementor-button elementor-button-link elementor-size-sm elementor-animation-grow\" href=\"https:\/\/www.verkkopuntari.fi\/sv\/kom-med\/\">\n\t\t\t\t\t\t<span class=\"elementor-button-content-wrapper\">\n\t\t\t\t\t\t\t\t\t<span class=\"elementor-button-text\">Hitta din egen handledare<\/span>\n\t\t\t\t\t<\/span>\n\t\t\t\t\t<\/a>\n\t\t\t\t<\/div>\n\t\t\t\t\t\t\t\t<\/div>\n\t\t\t\t<\/div>\n\t\t\t\t\t<\/div>\n\t\t<\/div>\n\t\t\t\t\t<\/div>\n\t\t<\/section>\n\t\t\t\t<section class=\"elementor-section elementor-top-section elementor-element elementor-element-636aa362 elementor-section-content-middle elementor-section-boxed elementor-section-height-default elementor-section-height-default\" data-id=\"636aa362\" data-element_type=\"section\" data-e-type=\"section\">\n\t\t\t\t\t\t<div class=\"elementor-container elementor-column-gap-no\">\n\t\t\t\t\t<div class=\"elementor-column elementor-col-100 elementor-top-column elementor-element elementor-element-11f67879\" data-id=\"11f67879\" data-element_type=\"column\" data-e-type=\"column\">\n\t\t\t<div class=\"elementor-widget-wrap elementor-element-populated\">\n\t\t\t\t\t\t<div class=\"elementor-element elementor-element-b2049 elementor-widget elementor-widget-heading\" data-id=\"b2049\" data-element_type=\"widget\" data-e-type=\"widget\" data-widget_type=\"heading.default\">\n\t\t\t\t<div class=\"elementor-widget-container\">\n\t\t\t\t\t<h2 class=\"elementor-heading-title elementor-size-default\">Vanliga fr\u00e5gor<\/h2>\t\t\t\t<\/div>\n\t\t\t\t<\/div>\n\t\t\t\t<section class=\"elementor-section elementor-inner-section elementor-element elementor-element-429b98fe elementor-section-content-top elementor-section-boxed elementor-section-height-default elementor-section-height-default\" data-id=\"429b98fe\" data-element_type=\"section\" data-e-type=\"section\">\n\t\t\t\t\t\t<div class=\"elementor-container elementor-column-gap-no\">\n\t\t\t\t\t<div class=\"elementor-column elementor-col-50 elementor-inner-column elementor-element elementor-element-76490d03\" data-id=\"76490d03\" data-element_type=\"column\" data-e-type=\"column\">\n\t\t\t<div class=\"elementor-widget-wrap elementor-element-populated\">\n\t\t\t\t\t\t<div class=\"elementor-element elementor-element-7e1e5997 elementor-widget elementor-widget-heading\" data-id=\"7e1e5997\" data-element_type=\"widget\" data-e-type=\"widget\" data-widget_type=\"heading.default\">\n\t\t\t\t<div class=\"elementor-widget-container\">\n\t\t\t\t\t<h4 class=\"elementor-heading-title elementor-size-default\">Vad \u00e4r f\u00f6rdelen med den handledda Verkkopuntari? <\/h4>\t\t\t\t<\/div>\n\t\t\t\t<\/div>\n\t\t\t\t<div class=\"elementor-element elementor-element-24cae449 elementor-widget elementor-widget-text-editor\" data-id=\"24cae449\" data-element_type=\"widget\" data-e-type=\"widget\" data-widget_type=\"text-editor.default\">\n\t\t\t\t<div class=\"elementor-widget-container\">\n\t\t\t\t\t\t\t\t\t<p>I den handledda Verkkopuntari har du m\u00f6jlighet till individuella handledningssamtal samt till individuell coaching eller gruppcoaching. <\/p>\n<p>Individuell handledning kan hj\u00e4lpa dig att granska din egen situation och kan spela en viktig roll i att st\u00f6dja lyckade livsstilsf\u00f6r\u00e4ndringar.<\/p>\n<p>I gruppbaserad verksamhet har du ocks\u00e5 m\u00f6jlighet att f\u00e5 st\u00f6d av gruppen.<\/p>\n\t\t\t\t\t\t\t\t<\/div>\n\t\t\t\t<\/div>\n\t\t\t\t\t<\/div>\n\t\t<\/div>\n\t\t\t\t<div class=\"elementor-column elementor-col-50 elementor-inner-column elementor-element elementor-element-fc7c7e9\" data-id=\"fc7c7e9\" data-element_type=\"column\" data-e-type=\"column\">\n\t\t\t<div class=\"elementor-widget-wrap elementor-element-populated\">\n\t\t\t\t\t\t<div class=\"elementor-element elementor-element-6b71f5a5 elementor-widget elementor-widget-heading\" data-id=\"6b71f5a5\" data-element_type=\"widget\" data-e-type=\"widget\" data-widget_type=\"heading.default\">\n\t\t\t\t<div class=\"elementor-widget-container\">\n\t\t\t\t\t<h4 class=\"elementor-heading-title elementor-size-default\">Vad \u00e4r skillnaden mellan individuell coaching och OmaVerkkopuntari?<\/h4>\t\t\t\t<\/div>\n\t\t\t\t<\/div>\n\t\t\t\t<div class=\"elementor-element elementor-element-625b009b elementor-widget elementor-widget-text-editor\" data-id=\"625b009b\" data-element_type=\"widget\" data-e-type=\"widget\" data-widget_type=\"text-editor.default\">\n\t\t\t\t<div class=\"elementor-widget-container\">\n\t\t\t\t\t\t\t\t\t<p>Den handledda Verkkopuntaris individuella coaching inneh\u00e5ller m\u00f6jligheten till individuell handledning. Individuell coaching f\u00f6ruts\u00e4tter att du k\u00e4nner till en yrkesutbildad person som erbjuder Verkkopuntari-handledning.&nbsp;<\/p>\n<p><span style=\"color: var(--bb-body-text-color);\">OmaVerkkopuntari (p\u00e5 finska) \u00e4ger rum p\u00e5 n\u00e4tet utan en handledare. Du kan b\u00f6rja med OmaVerkkopuntari p\u00e5 egen hand.&nbsp;<\/span><\/p>\n<p>Fler vanliga fr\u00e5gor hittar du <a href=\"https:\/\/www.verkkopuntari.fi\/sv\/vanliga-fragor\/\"><u>h\u00e4r.<\/u><\/a><\/p>\t\t\t\t\t\t\t\t<\/div>\n\t\t\t\t<\/div>\n\t\t\t\t\t<\/div>\n\t\t<\/div>\n\t\t\t\t\t<\/div>\n\t\t<\/section>\n\t\t\t\t\t<\/div>\n\t\t<\/div>\n\t\t\t\t\t<\/div>\n\t\t<\/section>\n\t\t\t\t<\/div>\n\t\t","protected":false},"excerpt":{"rendered":"<p>Handledd Verkkopuntari I den handledda n\u00e4tcoachingen ing\u00e5r st\u00f6d av en egen handledare. Du kan genomf\u00f6ra den handledda Verkkopuntari i grupp eller individuellt. Gruppcoaching Du deltar&hellip;<\/p>\n","protected":false},"author":1,"featured_media":0,"parent":0,"menu_order":0,"comment_status":"closed","ping_status":"closed","template":"elementor_header_footer","meta":{"_acf_changed":false,"footnotes":""},"class_list":["post-65639","page","type-page","status-publish","hentry"],"acf":[],"_links":{"self":[{"href":"https:\/\/www.verkkopuntari.fi\/sv\/wp-json\/wp\/v2\/pages\/65639","targetHints":{"allow":["GET"]}}],"collection":[{"href":"https:\/\/www.verkkopuntari.fi\/sv\/wp-json\/wp\/v2\/pages"}],"about":[{"href":"https:\/\/www.verkkopuntari.fi\/sv\/wp-json\/wp\/v2\/types\/page"}],"author":[{"embeddable":true,"href":"https:\/\/www.verkkopuntari.fi\/sv\/wp-json\/wp\/v2\/users\/1"}],"replies":[{"embeddable":true,"href":"https:\/\/www.verkkopuntari.fi\/sv\/wp-json\/wp\/v2\/comments?post=65639"}],"version-history":[{"count":7,"href":"https:\/\/www.verkkopuntari.fi\/sv\/wp-json\/wp\/v2\/pages\/65639\/revisions"}],"predecessor-version":[{"id":65713,"href":"https:\/\/www.verkkopuntari.fi\/sv\/wp-json\/wp\/v2\/pages\/65639\/revisions\/65713"}],"wp:attachment":[{"href":"https:\/\/www.verkkopuntari.fi\/sv\/wp-json\/wp\/v2\/media?parent=65639"}],"curies":[{"name":"wp","href":"https:\/\/api.w.org\/{rel}","templated":true}]}}