{"id":74235,"date":"2020-03-04T10:44:50","date_gmt":"2020-03-04T08:44:50","guid":{"rendered":"https:\/\/www.verkkopuntari.fi\/rekisteroidy\/"},"modified":"2025-07-07T10:39:24","modified_gmt":"2025-07-07T07:39:24","slug":"rekisteroidy","status":"publish","type":"page","link":"https:\/\/www.verkkopuntari.fi\/sv\/rekisteroidy\/","title":{"rendered":"Registrera"},"content":{"rendered":"\n<p>Ange f\u00f6ljande information f\u00f6r att registrera dig som Verkkopuntari-anv\u00e4ndare. Du kan senare redigera din information p\u00e5 profilsidan.<\/p>\n","protected":false},"excerpt":{"rendered":"<p>Ange f\u00f6ljande information f\u00f6r att registrera dig som Verkkopuntari-anv\u00e4ndare. Du kan senare redigera din information p\u00e5 profilsidan.<\/p>\n","protected":false},"author":74,"featured_media":47229,"parent":0,"menu_order":0,"comment_status":"closed","ping_status":"closed","template":"","meta":{"_acf_changed":false,"footnotes":""},"class_list":["post-74235","page","type-page","status-publish","has-post-thumbnail","hentry"],"acf":[],"_links":{"self":[{"href":"https:\/\/www.verkkopuntari.fi\/sv\/wp-json\/wp\/v2\/pages\/74235","targetHints":{"allow":["GET"]}}],"collection":[{"href":"https:\/\/www.verkkopuntari.fi\/sv\/wp-json\/wp\/v2\/pages"}],"about":[{"href":"https:\/\/www.verkkopuntari.fi\/sv\/wp-json\/wp\/v2\/types\/page"}],"author":[{"embeddable":true,"href":"https:\/\/www.verkkopuntari.fi\/sv\/wp-json\/wp\/v2\/users\/74"}],"replies":[{"embeddable":true,"href":"https:\/\/www.verkkopuntari.fi\/sv\/wp-json\/wp\/v2\/comments?post=74235"}],"version-history":[{"count":2,"href":"https:\/\/www.verkkopuntari.fi\/sv\/wp-json\/wp\/v2\/pages\/74235\/revisions"}],"predecessor-version":[{"id":74237,"href":"https:\/\/www.verkkopuntari.fi\/sv\/wp-json\/wp\/v2\/pages\/74235\/revisions\/74237"}],"wp:featuredmedia":[{"embeddable":true,"href":"https:\/\/www.verkkopuntari.fi\/sv\/wp-json\/wp\/v2\/media\/47229"}],"wp:attachment":[{"href":"https:\/\/www.verkkopuntari.fi\/sv\/wp-json\/wp\/v2\/media?parent=74235"}],"curies":[{"name":"wp","href":"https:\/\/api.w.org\/{rel}","templated":true}]}}