{"id":74383,"date":"2025-07-30T12:28:45","date_gmt":"2025-07-30T09:28:45","guid":{"rendered":"https:\/\/www.verkkopuntari.fi\/tillganglighetsutlatande\/"},"modified":"2025-11-19T11:00:08","modified_gmt":"2025-11-19T09:00:08","slug":"tillganglighetsutlatande","status":"publish","type":"page","link":"https:\/\/www.verkkopuntari.fi\/sv\/tillganglighetsutlatande\/","title":{"rendered":"Tillg\u00e4nglighetsutl\u00e5tande"},"content":{"rendered":"\n<h2 class=\"wp-block-heading\">Organisationens namn<\/h2>\n\n<p>Satakunnan Syd\u00e4npiiri ry<\/p>\n\n<h2 class=\"wp-block-heading\">Webbadress<\/h2>\n\n<p>www.verkkopuntari.fi<\/p>\n\n<h2 class=\"wp-block-heading\">Tillg\u00e4ngligheten till den digitala tj\u00e4nsten har bed\u00f6mts av<\/h2>\n\n<p>Vi har sj\u00e4lva bed\u00f6mt tj\u00e4nstens tillg\u00e4nglighet.<\/p>\n\n<h2 class=\"wp-block-heading\">Denna beskrivning har utarbetats<\/h2>\n\n<p>1.11.2021 och uppdaterats 30.7.2025.<\/p>\n\n<h2 class=\"wp-block-heading\">Status f\u00f6r digitala tj\u00e4nstens tillg\u00e4nglighet<\/h2>\n\n<p>Uppfyller delvis tillg\u00e4nglighetskraven.<\/p>\n\n<h2 class=\"wp-block-heading\">Respons<\/h2>\n\n<p>Om du uppt\u00e4cker tillg\u00e4nglighetsproblem p\u00e5 webbplatsen ska du f\u00f6rst ge respons till webbplatsens administrat\u00f6r. Vi g\u00f6r v\u00e5rt b\u00e4sta f\u00f6r att \u00e5tg\u00e4rda bristen. Svaret kan ta 14 dagar. Du kan kontakta oss:   <\/p>\n\n<ul class=\"wp-block-list\">\n<li>per e-post p\u00e5 &#118;e&#x72;k&#x6b;&#111;&#x70;&#117;&#x6e;&#116;a&#x72;i&#x40;&#115;&#x79;&#100;&#x61;&#110;&#x2e;&#102;i<\/li>\n<\/ul>\n\n<ul class=\"wp-block-list\">\n<li>eller per telefon 050 342 8945<\/li>\n<\/ul>\n\n<h2 class=\"wp-block-heading\">Tillsynsmyndighetens kontaktuppgifter<\/h2>\n\n<p>Om du inte \u00e4r n\u00f6jd med svaret du f\u00e5tt eller inte f\u00e5r n\u00e5got svar alls inom tv\u00e5 veckor <a href=\"https:\/\/www.saavutettavuusvaatimukset.fi\/sv\" target=\"_blank\" rel=\"noreferrer noopener\">kan du g\u00f6ra en anm\u00e4lan till Transport- och kommukationsverket Traficom. L\u00e4nken \u00f6ppnas p\u00e5 en ny flik. <\/a> P\u00e5 sidan finns information om hur du kan g\u00f6ra en anm\u00e4lan och hur \u00e4rendet behandlas.<\/p>\n\n<p>Transport- och kommunikationsverket Traficom<br\/>Enheten f\u00f6r tillsyn \u00f6ver digital tillg\u00e4nglighet<br\/>www.saavutettavuusvaatimukset.fi\/sv<br\/>saavutettavuus(at)traficom.fi<br\/>telefonnummer v\u00e4xel 029 534 5000<\/p>\n","protected":false},"excerpt":{"rendered":"<p>Organisationens namn Satakunnan Syd\u00e4npiiri ry Webbadress www.verkkopuntari.fi Tillg\u00e4ngligheten till den digitala tj\u00e4nsten har bed\u00f6mts av Vi har sj\u00e4lva bed\u00f6mt tj\u00e4nstens tillg\u00e4nglighet. Denna beskrivning har utarbetats&hellip;<\/p>\n","protected":false},"author":1,"featured_media":0,"parent":0,"menu_order":0,"comment_status":"closed","ping_status":"closed","template":"","meta":{"_acf_changed":false,"footnotes":""},"class_list":["post-74383","page","type-page","status-publish","hentry"],"acf":[],"_links":{"self":[{"href":"https:\/\/www.verkkopuntari.fi\/sv\/wp-json\/wp\/v2\/pages\/74383","targetHints":{"allow":["GET"]}}],"collection":[{"href":"https:\/\/www.verkkopuntari.fi\/sv\/wp-json\/wp\/v2\/pages"}],"about":[{"href":"https:\/\/www.verkkopuntari.fi\/sv\/wp-json\/wp\/v2\/types\/page"}],"author":[{"embeddable":true,"href":"https:\/\/www.verkkopuntari.fi\/sv\/wp-json\/wp\/v2\/users\/1"}],"replies":[{"embeddable":true,"href":"https:\/\/www.verkkopuntari.fi\/sv\/wp-json\/wp\/v2\/comments?post=74383"}],"version-history":[{"count":10,"href":"https:\/\/www.verkkopuntari.fi\/sv\/wp-json\/wp\/v2\/pages\/74383\/revisions"}],"predecessor-version":[{"id":76502,"href":"https:\/\/www.verkkopuntari.fi\/sv\/wp-json\/wp\/v2\/pages\/74383\/revisions\/76502"}],"wp:attachment":[{"href":"https:\/\/www.verkkopuntari.fi\/sv\/wp-json\/wp\/v2\/media?parent=74383"}],"curies":[{"name":"wp","href":"https:\/\/api.w.org\/{rel}","templated":true}]}}