{"id":74398,"date":"2025-07-30T15:08:49","date_gmt":"2025-07-30T12:08:49","guid":{"rendered":"https:\/\/www.verkkopuntari.fi\/dataskyddsbeskrivning\/"},"modified":"2025-11-20T10:12:26","modified_gmt":"2025-11-20T08:12:26","slug":"dataskyddsbeskrivning","status":"publish","type":"page","link":"https:\/\/www.verkkopuntari.fi\/sv\/dataskyddsbeskrivning\/","title":{"rendered":"Dataskyddsbeskrivning"},"content":{"rendered":"\t\t<div data-elementor-type=\"wp-page\" data-elementor-id=\"74398\" class=\"elementor elementor-74398 elementor-25935\" data-elementor-post-type=\"page\">\n\t\t\t\t\t\t<section class=\"elementor-section elementor-top-section elementor-element elementor-element-10893fb3 elementor-section-boxed elementor-section-height-default elementor-section-height-default\" data-id=\"10893fb3\" data-element_type=\"section\" data-e-type=\"section\">\n\t\t\t\t\t\t<div class=\"elementor-container elementor-column-gap-default\">\n\t\t\t\t\t<div class=\"elementor-column elementor-col-100 elementor-top-column elementor-element elementor-element-71404fdf\" data-id=\"71404fdf\" data-element_type=\"column\" data-e-type=\"column\">\n\t\t\t<div class=\"elementor-widget-wrap elementor-element-populated\">\n\t\t\t\t\t\t<div class=\"elementor-element elementor-element-1164f021 elementor-widget elementor-widget-text-editor\" data-id=\"1164f021\" data-element_type=\"widget\" data-e-type=\"widget\" data-widget_type=\"text-editor.default\">\n\t\t\t\t<div class=\"elementor-widget-container\">\n\t\t\t\t\t\t\t\t\t<p>Dataskyddsbeskrivning <\/p><p><span style=\"color: var(--bb-body-text-color);\">Senast uppdaterad 22.11.2025.<\/span><\/p><p><strong>1. Registeransvarig<\/strong><br>Satakunnan Syd\u00e4npiiri ry, Antinkatu 9 b 26 28100 Bj\u00f6rneborg, tfn 02-6411406, &#x74;&#x6f;&#x69;&#109;&#105;st&#x6f;&#x2e;&#x73;&#97;&#116;ak&#x75;&#x6e;&#x74;&#97;&#64;sy&#x64;&#x61;&#x6e;&#46;&#102;i<br>Registret finns p\u00e5 webbplatsen https:\/\/www.verkkopuntari.fi<\/p><p><strong>2. Person som ansvarar f\u00f6r register\u00e4randen<\/strong><br>Susanna Lehtim\u00e4ki Satakunnan Syd\u00e4npiiri ry, Antinkatu 9 b 26, 28100 Bj\u00f6rneborg, tfn 044 734 7300, &#x73;&#117;s&#x61;&#x6e;&#110;a&#x2e;&#x6c;&#101;h&#x74;&#x69;&#109;a&#x6b;&#x69;&#64;s&#x79;&#100;&#97;n&#x2e;&#102;i <\/p><p><strong>3. Dataskyddsombud<\/strong><br>Susanna Lehtim\u00e4ki Satakunnan Syd\u00e4npiiri ry, Antinkatu 9 b 26, 28100 Bj\u00f6rneborg, tfn 044 734 7300, &#115;u&#x73;a&#x6e;n&#x61;&#46;&#x6c;&#101;&#x68;&#116;i&#x6d;a&#x6b;i&#x40;&#115;&#x79;&#100;&#x61;&#110;&#x2e;&#102;i<\/p><p><strong>4. Registrets namn och datasystem som anv\u00e4nds<\/strong><br>Applikationen Verkkopuntari p\u00e5 plattformen WordPress.<\/p><p><strong>5. Registrets anv\u00e4ndnings\u00e4ndam\u00e5l<\/strong><\/p><p><span style=\"color: var(--bb-body-text-color);\">Syftet med behandlingen \u00e4r att m\u00f6jligg\u00f6ra livstilshandledningen Verkkopuntari. Dataskyddsf\u00f6rordningen (artikel 6, punkt 1B). Behandlingen \u00e4r n\u00f6dv\u00e4ndig f\u00f6r att v\u00e4rkstella avtalet.  <\/span><\/p><p><strong style=\"color: var(--bb-body-text-color);\"><strong style=\"color: var(--bb-body-text-color);\">6. Registrets datainneh\u00e5ll<\/strong><\/strong><\/p><p>Registret inneh\u00e5ller uppgifter om anv\u00e4ndarna enligt f\u00f6ljande gruppering: anv\u00e4ndarnamn, e-postadress, uppf\u00f6ljningsuppgifter (vikt, motion, motivationsniv\u00e5).<\/p><p>En registrerad anv\u00e4ndare kan sj\u00e4lv l\u00e4gga till, \u00e4ndra eller radera f\u00f6ljande uppgifter:<br>\u2022 e-postadress (kan inte tas bort, men kan bytas n\u00e4r som helst)<br>\u2022 uppf\u00f6ljningsuppgifter<\/p><p>En anv\u00e4ndare som registrerat sig under webbplattformens personliga handledningssamtal och i f\u00f6rhandsinformationen f\u00f6re det kan ge handledaren den information han eller hon vill ha.<\/p><p>Under gruppdiskussionerna kan anv\u00e4ndaren delta i diskussionen och i samband med den l\u00e4mna personliga uppgifter som han eller hon sj\u00e4lv valt.<\/p><p><strong style=\"color: var(--bb-body-text-color);\">7. Utl\u00e4mnande och mottagare av uppgifter <\/strong><\/p><p>Registeruppgifterna l\u00e4mnas inte ut till utomst\u00e5ende akt\u00f6rer. Uppgifterna \u00f6verf\u00f6rs inte heller utanf\u00f6r EU eller EES. <\/p><p><span style=\"font-weight: bolder;\">8. F\u00f6rvaringstid f\u00f6r personuppgifter<br><\/span><\/p><p>Personuppgifterna raderas 13 m\u00e5nader efter att de registrerats i systemet.<\/p><p><strong>9. Principer f\u00f6r skydd av registret<\/strong><br>Registret \u00e4r skyddat med anv\u00e4ndarnamn och l\u00f6senord. Anv\u00e4ndaren ansvarar sj\u00e4lv f\u00f6r anv\u00e4ndarnamnet och l\u00f6senordet och f\u00f6r att de inte l\u00e4mnas ut till utomst\u00e5ende. Personuppgifterna behandlas endast av personer fr\u00e5n Satakunnan Syd\u00e4npiiri som utsetts f\u00f6r uppgiften och av systemleverant\u00f6ren samt av yrkesutbildade personer inom h\u00e4lso- och sjukv\u00e5rden och idrottsbranschen som fungerar som handledare f\u00f6r de personer som de handleder. Registrets huvudanv\u00e4ndare och administrat\u00f6rer har tystnadsplikt.    <\/p><p><strong>10. Den registrerades r\u00e4ttigheter<\/strong><\/p><p>Den registrerade har r\u00e4tt att: <\/p><ul><li>Granska uppgifter om sig sj\u00e4lv n\u00e4r som helst genom att logga in p\u00e5 plattformen med sina inloggningsuppgifter.<\/li><li>Kr\u00e4va r\u00e4ttelse av felaktig information genom att kontakta Satakunnan Syd\u00e4npiiri.<\/li><li>Be den personuppgiftsansvarige om tillg\u00e5ng till personuppgifter som g\u00e4ller honom eller henne sj\u00e4lv.<\/li><li>Beg\u00e4ra r\u00e4ttelse eller radering av uppgifter eller begr\u00e4nsning av behandlingen eller mots\u00e4tta sig behandlingen.<\/li><li>\u00d6verf\u00f6ra uppgifterna fr\u00e5n ett system till ett annat.<\/li><li>L\u00e4mna in klagom\u00e5l till tillsynsmyndigheten \u00f6ver behandlingen av personuppgifter. <\/li><\/ul><div><p><span style=\"font-weight: bolder;\">11. Grund f\u00f6r utl\u00e4mnande av personuppgifter<\/span><br>Uppgifterna som samlas in \u00e4r n\u00f6dv\u00e4ndiga f\u00f6r att producera tj\u00e4nsten Verkkopuntari. <\/p><\/div>\t\t\t\t\t\t\t\t<\/div>\n\t\t\t\t<\/div>\n\t\t\t\t\t<\/div>\n\t\t<\/div>\n\t\t\t\t\t<\/div>\n\t\t<\/section>\n\t\t\t\t<\/div>\n\t\t","protected":false},"excerpt":{"rendered":"<p>Dataskyddsbeskrivning Senast uppdaterad 22.11.2025. 1. RegisteransvarigSatakunnan Syd\u00e4npiiri ry, Antinkatu 9 b 26 28100 Bj\u00f6rneborg, tfn 02-6411406, t&#111;&#105;&#109;&#x69;&#x73;&#x74;o&#46;&#115;&#97;&#x74;&#x61;&#x6b;&#x75;nt&#97;&#64;&#x73;&#x79;&#x64;&#x61;n&#46;&#102;&#105;Registret finns p\u00e5 webbplatsen https:\/\/www.verkkopuntari.fi 2. Person som ansvarar&hellip;<\/p>\n","protected":false},"author":1,"featured_media":0,"parent":0,"menu_order":0,"comment_status":"closed","ping_status":"closed","template":"","meta":{"_acf_changed":false,"footnotes":""},"class_list":["post-74398","page","type-page","status-publish","hentry"],"acf":[],"_links":{"self":[{"href":"https:\/\/www.verkkopuntari.fi\/sv\/wp-json\/wp\/v2\/pages\/74398","targetHints":{"allow":["GET"]}}],"collection":[{"href":"https:\/\/www.verkkopuntari.fi\/sv\/wp-json\/wp\/v2\/pages"}],"about":[{"href":"https:\/\/www.verkkopuntari.fi\/sv\/wp-json\/wp\/v2\/types\/page"}],"author":[{"embeddable":true,"href":"https:\/\/www.verkkopuntari.fi\/sv\/wp-json\/wp\/v2\/users\/1"}],"replies":[{"embeddable":true,"href":"https:\/\/www.verkkopuntari.fi\/sv\/wp-json\/wp\/v2\/comments?post=74398"}],"version-history":[{"count":13,"href":"https:\/\/www.verkkopuntari.fi\/sv\/wp-json\/wp\/v2\/pages\/74398\/revisions"}],"predecessor-version":[{"id":76529,"href":"https:\/\/www.verkkopuntari.fi\/sv\/wp-json\/wp\/v2\/pages\/74398\/revisions\/76529"}],"wp:attachment":[{"href":"https:\/\/www.verkkopuntari.fi\/sv\/wp-json\/wp\/v2\/media?parent=74398"}],"curies":[{"name":"wp","href":"https:\/\/api.w.org\/{rel}","templated":true}]}}