{"id":79092,"date":"2026-04-08T12:04:13","date_gmt":"2026-04-08T09:04:13","guid":{"rendered":"https:\/\/www.verkkopuntari.fi\/?page_id=79092"},"modified":"2026-04-08T12:12:39","modified_gmt":"2026-04-08T09:12:39","slug":"jobbar-du-med-livstilsradgivning","status":"publish","type":"page","link":"https:\/\/www.verkkopuntari.fi\/sv\/jobbar-du-med-livstilsradgivning\/","title":{"rendered":"Jobbar du med livstilsr\u00e5dgivning?"},"content":{"rendered":"\n<figure class=\"wp-block-image size-full is-resized\"><img fetchpriority=\"high\" decoding=\"async\" width=\"856\" height=\"613\" src=\"https:\/\/www.verkkopuntari.fi\/wp-content\/uploads\/2026\/04\/Nayttokuva-2026-02-06-110709-1.png\" alt=\"\" class=\"wp-image-79095\" style=\"width:591px;height:auto\" srcset=\"https:\/\/www.verkkopuntari.fi\/wp-content\/uploads\/2026\/04\/Nayttokuva-2026-02-06-110709-1.png 856w, https:\/\/www.verkkopuntari.fi\/wp-content\/uploads\/2026\/04\/Nayttokuva-2026-02-06-110709-1-300x215.png 300w, https:\/\/www.verkkopuntari.fi\/wp-content\/uploads\/2026\/04\/Nayttokuva-2026-02-06-110709-1-768x550.png 768w, https:\/\/www.verkkopuntari.fi\/wp-content\/uploads\/2026\/04\/Nayttokuva-2026-02-06-110709-1-624x447.png 624w\" sizes=\"(max-width: 856px) 100vw, 856px\" \/><\/figure>\n\n\n\n<p>Hj\u00e4rtligt v\u00e4lkommen med p\u00e5 v\u00e5rt infotillf\u00e4lle 22.4.2026 klo 13.00-14.00 eller 17.00-18.00. <\/p>\n\n\n\n<p> Du f\u00e5r h\u00f6ra mer om det avgiftsfria verktyget Verkkopuntari samt om hur du som professionell inom h\u00e4lso- sjukv\u00e5rden, motionbranschen eller tredje sektorn kan ta programmet i bruk som st\u00f6d i livsstilsr\u00e5dgivning.<\/p>\n\n\n\n<p>Programmet svarar mot behovet av att st\u00f6dja m\u00e4nniskors h\u00e4lsa, viktkontroll och varaktiga livsstilsf\u00f6r\u00e4ndringar, s\u00e4rskilt n\u00e4r det g\u00e4ller kost, motion, resurser och vila. Handledningen kan genomf\u00f6ras inviduellt eller i en grupp.<\/p>\n\n\n\n<p>Du kan ansluta dig via Teams-l\u00e4nken eller QR-koden nedan. Ingen f\u00f6rhandsanm\u00e4lan. <\/p>\n\n\n\n<p><a href=\"https:\/\/teams.microsoft.com\/meet\/36584198194460?p=JIV5ZdQlN8jI8VARxC\">Klicka h\u00e4r f\u00f6r att ansluta till Verkkopuntari-infot 22.4.2026 kl 14.00-15.00 eller klo 17.00-18.00.<\/a><\/p>\n\n\n\n<p>Hj\u00e4rtdistriktet i Satakunta<\/p>\n\n\n\n<p>&#x76;e&#x72;&#107;k&#x6f;&#112;&#x75;&#x6e;t&#x61;&#114;i&#x40;&#115;&#x79;&#100;a&#x6e;&#46;f&#x69;<\/p>\n\n\n\n<p>050 342 8945<\/p>\n\n\n\n<figure class=\"wp-block-image size-full is-resized\"><img decoding=\"async\" width=\"730\" height=\"730\" src=\"https:\/\/www.verkkopuntari.fi\/wp-content\/uploads\/2026\/04\/qrcode_teams.microsoft.com-1-4.png\" alt=\"\" class=\"wp-image-79111\" style=\"width:277px;height:auto\" srcset=\"https:\/\/www.verkkopuntari.fi\/wp-content\/uploads\/2026\/04\/qrcode_teams.microsoft.com-1-4.png 730w, https:\/\/www.verkkopuntari.fi\/wp-content\/uploads\/2026\/04\/qrcode_teams.microsoft.com-1-4-300x300.png 300w, https:\/\/www.verkkopuntari.fi\/wp-content\/uploads\/2026\/04\/qrcode_teams.microsoft.com-1-4-150x150.png 150w, https:\/\/www.verkkopuntari.fi\/wp-content\/uploads\/2026\/04\/qrcode_teams.microsoft.com-1-4-624x624.png 624w\" sizes=\"(max-width: 730px) 100vw, 730px\" \/><\/figure>\n","protected":false},"excerpt":{"rendered":"<p>Hj\u00e4rtligt v\u00e4lkommen med p\u00e5 v\u00e5rt infotillf\u00e4lle 22.4.2026 klo 13.00-14.00 eller 17.00-18.00. Du f\u00e5r h\u00f6ra mer om det avgiftsfria verktyget Verkkopuntari samt om hur du som&hellip;<\/p>\n","protected":false},"author":74,"featured_media":0,"parent":0,"menu_order":0,"comment_status":"closed","ping_status":"closed","template":"","meta":{"_acf_changed":false,"footnotes":""},"class_list":["post-79092","page","type-page","status-publish","hentry"],"acf":[],"_links":{"self":[{"href":"https:\/\/www.verkkopuntari.fi\/sv\/wp-json\/wp\/v2\/pages\/79092","targetHints":{"allow":["GET"]}}],"collection":[{"href":"https:\/\/www.verkkopuntari.fi\/sv\/wp-json\/wp\/v2\/pages"}],"about":[{"href":"https:\/\/www.verkkopuntari.fi\/sv\/wp-json\/wp\/v2\/types\/page"}],"author":[{"embeddable":true,"href":"https:\/\/www.verkkopuntari.fi\/sv\/wp-json\/wp\/v2\/users\/74"}],"replies":[{"embeddable":true,"href":"https:\/\/www.verkkopuntari.fi\/sv\/wp-json\/wp\/v2\/comments?post=79092"}],"version-history":[{"count":4,"href":"https:\/\/www.verkkopuntari.fi\/sv\/wp-json\/wp\/v2\/pages\/79092\/revisions"}],"predecessor-version":[{"id":79114,"href":"https:\/\/www.verkkopuntari.fi\/sv\/wp-json\/wp\/v2\/pages\/79092\/revisions\/79114"}],"wp:attachment":[{"href":"https:\/\/www.verkkopuntari.fi\/sv\/wp-json\/wp\/v2\/media?parent=79092"}],"curies":[{"name":"wp","href":"https:\/\/api.w.org\/{rel}","templated":true}]}}